{"id":11,"date":"2020-09-15T21:52:40","date_gmt":"2020-09-15T21:52:40","guid":{"rendered":"https:\/\/screen.com.ve\/clientes\/emet\/es\/?page_id=11"},"modified":"2021-03-08T15:41:41","modified_gmt":"2021-03-08T15:41:41","slug":"nosotros","status":"publish","type":"page","link":"https:\/\/emetcorporation.com\/es\/nosotros\/","title":{"rendered":"Nosotros"},"content":{"rendered":"\n<div class=\"wp-block-cover has-background-dim-60 has-background-dim page-cover page-cover__full-size\" style=\"background-image:url(https:\/\/emetcorporation.com\/es\/wp-content\/uploads\/sites\/2\/2020\/09\/about-us-cover.jpg)\"><div class=\"wp-block-cover__inner-container\">\n<h2 class=\"has-text-align-center mb-4 font-weight-bold\"><strong class=\"font-weight-bold\">#BE<\/strong>EMET<\/h2>\n\n\n\n<p class=\"has-text-align-center\">Somos una compa\u00f1\u00eda l\u00edder en fabricaci\u00f3n especializados en todas las \u00e1reas del Textil. Nuestros clientes gozan de una extensa variedad de productos para todo tipo de exigencias. Creemos en dar forma al futuro mediante ideas innovadoras, precios reales de f\u00e1brica y una dedicaci\u00f3n completa en cada proyecto.<\/p>\n\n\n\n<p class=\"has-text-align-center mb-auto\">Estamos comprometidos en lograr las expectativas deseadas con el completo servicio de producci\u00f3n ofrecido a nuestros clientes.\u00a0<br>En general, nos enorgullecemos de ofrecer resultados que superan las expectativas.<\/p>\n\n\n\n<div class=\"scroll-down\">Scroll Down<\/div>\n<\/div><\/div>\n\n\n\n<div class=\"row about-us-fact-container no-gutters\">\n\n\n<div id=\"text-2\" class=\"widget widget_text col-lg-4 col-sm-6\"><div class=\"fact-item loaded\"><div class=\"fact-title\">+2500<\/div>\t\t\t<div class=\"textwidget\"><p>PROYECTOS<br \/>\nREALIZADOS<\/p>\n<p><img decoding=\"async\" loading=\"lazy\" class=\"alignnone wp-image-105 size-full\" role=\"img\" src=\"https:\/\/emetcorporation.com\/es\/wp-content\/uploads\/sites\/2\/2020\/09\/proyectos-realizados.svg\" alt=\"\" width=\"64\" height=\"64\" \/><\/p>\n<\/div>\n\t\t<div class=\"loaded\"><\/div><\/div><\/div><div id=\"text-3\" class=\"widget widget_text col-lg-4 col-sm-6\"><div class=\"fact-item loaded\"><div class=\"fact-title\">5<\/div>\t\t\t<div class=\"textwidget\"><p>OFICINAS DE REPRESENTACI\u00d3N<br \/>\nEN EL MUNDO: CHINA, PANAM\u00c1,<br \/>\nPAKIST\u00c1N, INDIA, VENEZUELA.<\/p>\n<p><img decoding=\"async\" loading=\"lazy\" class=\"alignnone size-full wp-image-104\" role=\"img\" src=\"https:\/\/emetcorporation.com\/es\/wp-content\/uploads\/sites\/2\/2020\/09\/oficinas.svg\" alt=\"\" width=\"64\" height=\"64\" \/><\/p>\n<\/div>\n\t\t<div class=\"loaded\"><\/div><\/div><\/div><div id=\"text-4\" class=\"widget widget_text col-lg-4 col-sm-6\"><div class=\"fact-item loaded\"><div class=\"fact-title\">+36<\/div>\t\t\t<div class=\"textwidget\"><p>A\u00d1OS DE TRAYECTORIA.<\/p>\n<p><img decoding=\"async\" loading=\"lazy\" class=\"alignnone size-full wp-image-106\" role=\"img\" src=\"https:\/\/emetcorporation.com\/es\/wp-content\/uploads\/sites\/2\/2020\/09\/trayectoria.svg\" alt=\"\" width=\"64\" height=\"64\" \/><\/p>\n<\/div>\n\t\t<div class=\"loaded\"><\/div><\/div><\/div><div id=\"text-5\" class=\"widget widget_text col-lg-4 col-sm-6\"><div class=\"fact-item loaded\"><div class=\"fact-title\">+1000<\/div>\t\t\t<div class=\"textwidget\"><p>DIFERENTES<br \/>\nPRODUCTOS<\/p>\n<p><img decoding=\"async\" loading=\"lazy\" class=\"alignnone size-full wp-image-107\" role=\"img\" src=\"https:\/\/emetcorporation.com\/es\/wp-content\/uploads\/sites\/2\/2020\/09\/productos.svg\" alt=\"\" width=\"64\" height=\"64\" \/><\/p>\n<\/div>\n\t\t<div class=\"loaded\"><\/div><\/div><\/div><div id=\"text-6\" class=\"widget widget_text col-lg-4 col-sm-6\"><div class=\"fact-item loaded\"><div class=\"fact-title\">CALIDAD<\/div>\t\t\t<div class=\"textwidget\"><p>GARANTIZADA EN<br \/>\nCADA PRENDA.<\/p>\n<p><img decoding=\"async\" loading=\"lazy\" class=\"alignnone size-full wp-image-108\" role=\"img\" src=\"https:\/\/emetcorporation.com\/es\/wp-content\/uploads\/sites\/2\/2020\/09\/calidad.svg\" alt=\"\" width=\"64\" height=\"64\" \/><\/p>\n<\/div>\n\t\t<div class=\"loaded\"><\/div><\/div><\/div><div id=\"text-7\" class=\"widget widget_text col-lg-4 col-sm-6\"><div class=\"fact-item loaded\"><div class=\"fact-title\">TIEMPOS<\/div>\t\t\t<div class=\"textwidget\"><p>DE ENTREGA OPTIMIZADOS CON<br \/>\nMONITOREO PROACTIVO.<\/p>\n<p><img decoding=\"async\" loading=\"lazy\" class=\"alignnone size-full wp-image-109\" role=\"img\" src=\"https:\/\/emetcorporation.com\/es\/wp-content\/uploads\/sites\/2\/2020\/09\/tiempos.svg\" alt=\"\" width=\"64\" height=\"64\" \/><\/p>\n<\/div>\n\t\t<div class=\"loaded\"><\/div><\/div><\/div>\n\n\n\n<\/div>\n\n\n\n<figure class=\"wp-block-image size-full loaded\"><img decoding=\"async\" loading=\"lazy\" width=\"1440\" height=\"813\" src=\"https:\/\/emetcorporation.com\/es\/wp-content\/uploads\/sites\/2\/2020\/11\/photowall_2.jpg\" alt=\"\" class=\"wp-image-409\" srcset=\"https:\/\/emetcorporation.com\/es\/wp-content\/uploads\/sites\/2\/2020\/11\/photowall_2.jpg 1440w, https:\/\/emetcorporation.com\/es\/wp-content\/uploads\/sites\/2\/2020\/11\/photowall_2-300x169.jpg 300w, https:\/\/emetcorporation.com\/es\/wp-content\/uploads\/sites\/2\/2020\/11\/photowall_2-1024x578.jpg 1024w, https:\/\/emetcorporation.com\/es\/wp-content\/uploads\/sites\/2\/2020\/11\/photowall_2-768x434.jpg 768w\" sizes=\"(max-width: 1440px) 100vw, 1440px\" \/><\/figure>\n\n\n\n<div class=\"wp-block-cover has-background-dim contact-us-block\" style=\"background-image:url(https:\/\/emetcorporation.com\/es\/wp-content\/uploads\/sites\/2\/2020\/11\/map-v4.png);background-color:#f9f9f9\"><div class=\"wp-block-cover__inner-container\">\n<h3 class=\"has-text-color\" style=\"color:#dbbc90\">NUESTRAS<br>OFICINAS<\/h3>\n\n\n\n<p class=\"p__bullet p__bullet-triangle mb-1 has-text-color\" style=\"color:#1a1a1a\">PRODUCCI\u00d3N CONTINENTE<br>AMERICANO Y CARIBE<\/p>\n\n\n\n<p class=\"p__bullet has-text-color\" style=\"color:#1a1a1a\">PANAM\u00c1:<\/p>\n\n\n\n<p class=\"p__spacer p__bullet has-text-color\" style=\"color:#71716f\">Panam\u00e1, Panam\u00e1 City,<br>Bella Vista, Balboa Ave. &amp; 43 East,<br>BAC Tower. 1306<br>Telephone (507) 225-7692 \/ 4626<br>Cellphone \/ Whatsapp (507) 6780-6868, <br>Wechat AvielSD&nbsp;<\/p>\n\n\n\n<p class=\"p__bullet p__bullet-circle has-text-color\" style=\"color:#1a1a1a\">OFICINAS COMERCIALES \/ REPRESENTACI\u00d3N.<\/p>\n\n\n\n<p class=\"p__bullet has-text-color\" style=\"color:#71716f\">China &#8211; Panam\u00e1 &#8211; Pakist\u00e1n &#8211; India &#8211; Venezuela<\/p>\n<\/div><\/div>\n\n\n\n<div class=\"wp-block-cover has-background-dim-60 has-black-background-color has-background-dim page-cover py-5 loaded\" style=\"background-image:url(https:\/\/emetcorporation.com\/es\/wp-content\/uploads\/sites\/2\/2020\/11\/df0db71808415f141e285b6ee6af342c.jpg)\"><div class=\"wp-block-cover__inner-container\">\n<h2 class=\"has-text-align-center\"><strong>\u00a1HAGAMOS ESTO<\/strong><br>JUNTOS AHORA!<\/h2>\n\n\n\n<p class=\"has-text-align-center\">Descubre nuestra amplia variedad de prendas textiles:<\/p>\n\n\n\n<p class=\"has-text-align-center btn-container\"><a class=\"btn btn-primary\" href=\"https:\/\/emetcorporation.com\/es\/catalogo\/stock\/\">STOCK<\/a> <a class=\"btn btn-primary\" href=\"https:\/\/emetcorporation.com\/es\/catalogo\/en-proyecto\/\">EN PROYECTO<\/a> <a class=\"btn btn-primary\" href=\"https:\/\/emetcorporation.com\/es\/catalogo\/creaciones\/\">CREACIONES<\/a><\/p>\n\n\n\n<p class=\"has-text-align-center mb-auto\">\u00a1EL \u00c9XITO DE SU EMPRESA ES TAMBI\u00c9N EL NUESTRO!<\/p>\n<\/div><\/div>\n\n\n\n<p><\/p>\n","protected":false},"excerpt":{"rendered":"","protected":false},"author":1,"featured_media":0,"parent":0,"menu_order":0,"comment_status":"closed","ping_status":"closed","template":"template-about-us.php","meta":[],"_links":{"self":[{"href":"https:\/\/emetcorporation.com\/es\/wp-json\/wp\/v2\/pages\/11"}],"collection":[{"href":"https:\/\/emetcorporation.com\/es\/wp-json\/wp\/v2\/pages"}],"about":[{"href":"https:\/\/emetcorporation.com\/es\/wp-json\/wp\/v2\/types\/page"}],"author":[{"embeddable":true,"href":"https:\/\/emetcorporation.com\/es\/wp-json\/wp\/v2\/users\/1"}],"replies":[{"embeddable":true,"href":"https:\/\/emetcorporation.com\/es\/wp-json\/wp\/v2\/comments?post=11"}],"version-history":[{"count":60,"href":"https:\/\/emetcorporation.com\/es\/wp-json\/wp\/v2\/pages\/11\/revisions"}],"predecessor-version":[{"id":5252,"href":"https:\/\/emetcorporation.com\/es\/wp-json\/wp\/v2\/pages\/11\/revisions\/5252"}],"wp:attachment":[{"href":"https:\/\/emetcorporation.com\/es\/wp-json\/wp\/v2\/media?parent=11"}],"curies":[{"name":"wp","href":"https:\/\/api.w.org\/{rel}","templated":true}]}}