{"id":1184,"date":"2021-01-09T21:28:31","date_gmt":"2021-01-09T21:28:31","guid":{"rendered":"https:\/\/screen.com.ve\/clientes\/emet\/es\/producto\/40-8391\/"},"modified":"2021-02-22T17:29:17","modified_gmt":"2021-02-22T17:29:17","slug":"40-8391","status":"publish","type":"product","link":"https:\/\/emetcorporation.com\/es\/producto\/40-8391\/","title":{"rendered":"40-8391"},"content":{"rendered":"<p>Descripci\u00f3n: VESTIDO POLO P\/ DAMA<br \/>\nComposici\u00f3n: 60% ALGOD\u00d3N,35%POLIESTER, 5%ELASTANO<br \/>\nColor: FUCSIA.BLANCO,AQUA,AZUL MARINO<br \/>\nTallas Dama: S &#8211; XL<br \/>\nPa\u00eds de Origen: CHINA<\/p>\n","protected":false},"excerpt":{"rendered":"<p>Descripci\u00f3n: VESTIDO POLO P\/ DAMA Composici\u00f3n: 60% ALGOD\u00d3N,35%POLIESTER, 5%ELASTANO Color: FUCSIA.BLANCO,AQUA,AZUL MARINO Tallas Dama: S &#8211; XL Pa\u00eds de Origen: CHINA<\/p>\n","protected":false},"featured_media":3393,"comment_status":"open","ping_status":"closed","template":"","meta":[],"product_cat":[16,263,264,267],"product_tag":[],"_links":{"self":[{"href":"https:\/\/emetcorporation.com\/es\/wp-json\/wp\/v2\/product\/1184"}],"collection":[{"href":"https:\/\/emetcorporation.com\/es\/wp-json\/wp\/v2\/product"}],"about":[{"href":"https:\/\/emetcorporation.com\/es\/wp-json\/wp\/v2\/types\/product"}],"replies":[{"embeddable":true,"href":"https:\/\/emetcorporation.com\/es\/wp-json\/wp\/v2\/comments?post=1184"}],"wp:featuredmedia":[{"embeddable":true,"href":"https:\/\/emetcorporation.com\/es\/wp-json\/wp\/v2\/media\/3393"}],"wp:attachment":[{"href":"https:\/\/emetcorporation.com\/es\/wp-json\/wp\/v2\/media?parent=1184"}],"wp:term":[{"taxonomy":"product_cat","embeddable":true,"href":"https:\/\/emetcorporation.com\/es\/wp-json\/wp\/v2\/product_cat?post=1184"},{"taxonomy":"product_tag","embeddable":true,"href":"https:\/\/emetcorporation.com\/es\/wp-json\/wp\/v2\/product_tag?post=1184"}],"curies":[{"name":"wp","href":"https:\/\/api.w.org\/{rel}","templated":true}]}}