{"id":1240,"date":"2021-01-09T21:32:38","date_gmt":"2021-01-09T21:32:38","guid":{"rendered":"https:\/\/screen.com.ve\/clientes\/emet\/es\/producto\/15-2998\/"},"modified":"2021-02-22T23:45:06","modified_gmt":"2021-02-22T23:45:06","slug":"15-2998","status":"publish","type":"product","link":"https:\/\/emetcorporation.com\/es\/producto\/15-2998\/","title":{"rendered":"15-2998"},"content":{"rendered":"<p>Descripci\u00f3n: BLUSA P\/DAMA<br \/>\nComposici\u00f3n: 100% ALGOD\u00d3N<br \/>\nColor: AZUL, CELESTE<br \/>\nTallas Dama: S &#8211; XL<br \/>\nPa\u00eds de Origen: CHINA<\/p>\n","protected":false},"excerpt":{"rendered":"<p>Descripci\u00f3n: BLUSA P\/DAMA Composici\u00f3n: 100% ALGOD\u00d3N Color: AZUL, CELESTE Tallas Dama: S &#8211; XL Pa\u00eds de Origen: CHINA<\/p>\n","protected":false},"featured_media":3562,"comment_status":"open","ping_status":"closed","template":"","meta":[],"product_cat":[16,263,264,265],"product_tag":[],"_links":{"self":[{"href":"https:\/\/emetcorporation.com\/es\/wp-json\/wp\/v2\/product\/1240"}],"collection":[{"href":"https:\/\/emetcorporation.com\/es\/wp-json\/wp\/v2\/product"}],"about":[{"href":"https:\/\/emetcorporation.com\/es\/wp-json\/wp\/v2\/types\/product"}],"replies":[{"embeddable":true,"href":"https:\/\/emetcorporation.com\/es\/wp-json\/wp\/v2\/comments?post=1240"}],"wp:featuredmedia":[{"embeddable":true,"href":"https:\/\/emetcorporation.com\/es\/wp-json\/wp\/v2\/media\/3562"}],"wp:attachment":[{"href":"https:\/\/emetcorporation.com\/es\/wp-json\/wp\/v2\/media?parent=1240"}],"wp:term":[{"taxonomy":"product_cat","embeddable":true,"href":"https:\/\/emetcorporation.com\/es\/wp-json\/wp\/v2\/product_cat?post=1240"},{"taxonomy":"product_tag","embeddable":true,"href":"https:\/\/emetcorporation.com\/es\/wp-json\/wp\/v2\/product_tag?post=1240"}],"curies":[{"name":"wp","href":"https:\/\/api.w.org\/{rel}","templated":true}]}}