{"id":1288,"date":"2021-01-09T21:34:36","date_gmt":"2021-01-09T21:34:36","guid":{"rendered":"https:\/\/screen.com.ve\/clientes\/emet\/es\/producto\/55-1043\/"},"modified":"2021-02-23T12:42:10","modified_gmt":"2021-02-23T12:42:10","slug":"55-1043","status":"publish","type":"product","link":"https:\/\/emetcorporation.com\/es\/producto\/55-1043\/","title":{"rendered":"55-1043"},"content":{"rendered":"<p>Descripci\u00f3n: SHORT P\/DAMA<br \/>\nComposici\u00f3n: 100% ALGOD\u00d3N<br \/>\nColor: BLANCO,AZUL,ROSADO,TURQUEZA<br \/>\nTallas Dama: S &#8211; XL<br \/>\nPa\u00eds de Origen: CHINA<\/p>\n","protected":false},"excerpt":{"rendered":"<p>Descripci\u00f3n: SHORT P\/DAMA Composici\u00f3n: 100% ALGOD\u00d3N Color: BLANCO,AZUL,ROSADO,TURQUEZA Tallas Dama: S &#8211; XL Pa\u00eds de Origen: CHINA<\/p>\n","protected":false},"featured_media":3762,"comment_status":"open","ping_status":"closed","template":"","meta":[],"product_cat":[16,263,264,324],"product_tag":[],"_links":{"self":[{"href":"https:\/\/emetcorporation.com\/es\/wp-json\/wp\/v2\/product\/1288"}],"collection":[{"href":"https:\/\/emetcorporation.com\/es\/wp-json\/wp\/v2\/product"}],"about":[{"href":"https:\/\/emetcorporation.com\/es\/wp-json\/wp\/v2\/types\/product"}],"replies":[{"embeddable":true,"href":"https:\/\/emetcorporation.com\/es\/wp-json\/wp\/v2\/comments?post=1288"}],"wp:featuredmedia":[{"embeddable":true,"href":"https:\/\/emetcorporation.com\/es\/wp-json\/wp\/v2\/media\/3762"}],"wp:attachment":[{"href":"https:\/\/emetcorporation.com\/es\/wp-json\/wp\/v2\/media?parent=1288"}],"wp:term":[{"taxonomy":"product_cat","embeddable":true,"href":"https:\/\/emetcorporation.com\/es\/wp-json\/wp\/v2\/product_cat?post=1288"},{"taxonomy":"product_tag","embeddable":true,"href":"https:\/\/emetcorporation.com\/es\/wp-json\/wp\/v2\/product_tag?post=1288"}],"curies":[{"name":"wp","href":"https:\/\/api.w.org\/{rel}","templated":true}]}}