{"id":1289,"date":"2021-01-09T21:34:38","date_gmt":"2021-01-09T21:34:38","guid":{"rendered":"https:\/\/screen.com.ve\/clientes\/emet\/es\/producto\/15-3618\/"},"modified":"2021-02-23T12:43:07","modified_gmt":"2021-02-23T12:43:07","slug":"15-3618","status":"publish","type":"product","link":"https:\/\/emetcorporation.com\/es\/producto\/15-3618\/","title":{"rendered":"15-3618"},"content":{"rendered":"<p>Descripci\u00f3n: PANTALON LARGO P\/DAMA<br \/>\nComposici\u00f3n: 100% ALGOD\u00d3N<br \/>\nColor: AZUL, CREMA, MELON<br \/>\nTallas Dama: S &#8211; L<br \/>\nPa\u00eds de Origen: CHINA<\/p>\n","protected":false},"excerpt":{"rendered":"<p>Descripci\u00f3n: PANTALON LARGO P\/DAMA Composici\u00f3n: 100% ALGOD\u00d3N Color: AZUL, CREMA, MELON Tallas Dama: S &#8211; L Pa\u00eds de Origen: CHINA<\/p>\n","protected":false},"featured_media":3766,"comment_status":"open","ping_status":"closed","template":"","meta":[],"product_cat":[16,263,264,324],"product_tag":[],"_links":{"self":[{"href":"https:\/\/emetcorporation.com\/es\/wp-json\/wp\/v2\/product\/1289"}],"collection":[{"href":"https:\/\/emetcorporation.com\/es\/wp-json\/wp\/v2\/product"}],"about":[{"href":"https:\/\/emetcorporation.com\/es\/wp-json\/wp\/v2\/types\/product"}],"replies":[{"embeddable":true,"href":"https:\/\/emetcorporation.com\/es\/wp-json\/wp\/v2\/comments?post=1289"}],"wp:featuredmedia":[{"embeddable":true,"href":"https:\/\/emetcorporation.com\/es\/wp-json\/wp\/v2\/media\/3766"}],"wp:attachment":[{"href":"https:\/\/emetcorporation.com\/es\/wp-json\/wp\/v2\/media?parent=1289"}],"wp:term":[{"taxonomy":"product_cat","embeddable":true,"href":"https:\/\/emetcorporation.com\/es\/wp-json\/wp\/v2\/product_cat?post=1289"},{"taxonomy":"product_tag","embeddable":true,"href":"https:\/\/emetcorporation.com\/es\/wp-json\/wp\/v2\/product_tag?post=1289"}],"curies":[{"name":"wp","href":"https:\/\/api.w.org\/{rel}","templated":true}]}}