{"id":1310,"date":"2021-01-09T21:35:32","date_gmt":"2021-01-09T21:35:32","guid":{"rendered":"https:\/\/screen.com.ve\/clientes\/emet\/es\/producto\/50-7891\/"},"modified":"2021-01-30T22:16:27","modified_gmt":"2021-01-30T22:16:27","slug":"50-7891","status":"publish","type":"product","link":"https:\/\/emetcorporation.com\/es\/producto\/50-7891\/","title":{"rendered":"50-7891"},"content":{"rendered":"<p>Descripci\u00f3n: PIJAMA P\/DAMA<br \/>\nComposici\u00f3n: 65% POLIESTER 35% ALGOD\u00d3N<br \/>\nColor: AZUL, VERDE, NARANJA, ROSADO<br \/>\nTallas Dama: S &#8211; XL<br \/>\nPa\u00eds de Origen: CHINA<\/p>\n","protected":false},"excerpt":{"rendered":"<p>Descripci\u00f3n: PIJAMA P\/DAMA Composici\u00f3n: 65% POLIESTER 35% ALGOD\u00d3N Color: AZUL, VERDE, NARANJA, ROSADO Tallas Dama: S &#8211; XL Pa\u00eds de Origen: CHINA<\/p>\n","protected":false},"featured_media":3863,"comment_status":"open","ping_status":"closed","template":"","meta":[],"product_cat":[263,264,274],"product_tag":[],"_links":{"self":[{"href":"https:\/\/emetcorporation.com\/es\/wp-json\/wp\/v2\/product\/1310"}],"collection":[{"href":"https:\/\/emetcorporation.com\/es\/wp-json\/wp\/v2\/product"}],"about":[{"href":"https:\/\/emetcorporation.com\/es\/wp-json\/wp\/v2\/types\/product"}],"replies":[{"embeddable":true,"href":"https:\/\/emetcorporation.com\/es\/wp-json\/wp\/v2\/comments?post=1310"}],"wp:featuredmedia":[{"embeddable":true,"href":"https:\/\/emetcorporation.com\/es\/wp-json\/wp\/v2\/media\/3863"}],"wp:attachment":[{"href":"https:\/\/emetcorporation.com\/es\/wp-json\/wp\/v2\/media?parent=1310"}],"wp:term":[{"taxonomy":"product_cat","embeddable":true,"href":"https:\/\/emetcorporation.com\/es\/wp-json\/wp\/v2\/product_cat?post=1310"},{"taxonomy":"product_tag","embeddable":true,"href":"https:\/\/emetcorporation.com\/es\/wp-json\/wp\/v2\/product_tag?post=1310"}],"curies":[{"name":"wp","href":"https:\/\/api.w.org\/{rel}","templated":true}]}}