{"id":1325,"date":"2021-01-09T21:36:07","date_gmt":"2021-01-09T21:36:07","guid":{"rendered":"https:\/\/screen.com.ve\/clientes\/emet\/es\/producto\/56-148\/"},"modified":"2021-01-30T22:16:30","modified_gmt":"2021-01-30T22:16:30","slug":"56-148","status":"publish","type":"product","link":"https:\/\/emetcorporation.com\/es\/producto\/56-148\/","title":{"rendered":"56-148"},"content":{"rendered":"<p>Descripci\u00f3n: PANTY P\/DAMA<br \/>\nComposici\u00f3n: 95%ALGOD\u00d3N, 5%ELASTANO<br \/>\nColor: BLANCO,NEGRO,CREMA,AQUA,FUCSIA,MORADO<br \/>\nTallas Dama: S &#8211; XL<br \/>\nPa\u00eds de Origen: CHINA<\/p>\n","protected":false},"excerpt":{"rendered":"<p>Descripci\u00f3n: PANTY P\/DAMA Composici\u00f3n: 95%ALGOD\u00d3N, 5%ELASTANO Color: BLANCO,NEGRO,CREMA,AQUA,FUCSIA,MORADO Tallas Dama: S &#8211; XL Pa\u00eds de Origen: CHINA<\/p>\n","protected":false},"featured_media":3935,"comment_status":"open","ping_status":"closed","template":"","meta":[],"product_cat":[263,264,278],"product_tag":[],"_links":{"self":[{"href":"https:\/\/emetcorporation.com\/es\/wp-json\/wp\/v2\/product\/1325"}],"collection":[{"href":"https:\/\/emetcorporation.com\/es\/wp-json\/wp\/v2\/product"}],"about":[{"href":"https:\/\/emetcorporation.com\/es\/wp-json\/wp\/v2\/types\/product"}],"replies":[{"embeddable":true,"href":"https:\/\/emetcorporation.com\/es\/wp-json\/wp\/v2\/comments?post=1325"}],"wp:featuredmedia":[{"embeddable":true,"href":"https:\/\/emetcorporation.com\/es\/wp-json\/wp\/v2\/media\/3935"}],"wp:attachment":[{"href":"https:\/\/emetcorporation.com\/es\/wp-json\/wp\/v2\/media?parent=1325"}],"wp:term":[{"taxonomy":"product_cat","embeddable":true,"href":"https:\/\/emetcorporation.com\/es\/wp-json\/wp\/v2\/product_cat?post=1325"},{"taxonomy":"product_tag","embeddable":true,"href":"https:\/\/emetcorporation.com\/es\/wp-json\/wp\/v2\/product_tag?post=1325"}],"curies":[{"name":"wp","href":"https:\/\/api.w.org\/{rel}","templated":true}]}}