{"id":1337,"date":"2021-01-09T21:36:41","date_gmt":"2021-01-09T21:36:41","guid":{"rendered":"https:\/\/screen.com.ve\/clientes\/emet\/es\/producto\/3-5056\/"},"modified":"2021-01-30T22:16:32","modified_gmt":"2021-01-30T22:16:32","slug":"3-5056","status":"publish","type":"product","link":"https:\/\/emetcorporation.com\/es\/producto\/3-5056\/","title":{"rendered":"3-5056"},"content":{"rendered":"<p>Descripci\u00f3n: BLUSA P\/NI\u00d1A<br \/>\nComposici\u00f3n: 95%POLIESTER 5% ELASTANO<br \/>\nColor: BLANCO,AZUL,ROJO,AMARILLO,CREMA,SANDIA<br \/>\nTallas Juvenil: 8  &#8211; 16<br \/>\nPa\u00eds de Origen: CHINA<\/p>\n","protected":false},"excerpt":{"rendered":"<p>Descripci\u00f3n: BLUSA P\/NI\u00d1A Composici\u00f3n: 95%POLIESTER 5% ELASTANO Color: BLANCO,AZUL,ROJO,AMARILLO,CREMA,SANDIA Tallas Juvenil: 8 &#8211; 16 Pa\u00eds de Origen: CHINA<\/p>\n","protected":false},"featured_media":1667,"comment_status":"open","ping_status":"closed","template":"","meta":[],"product_cat":[263,280,281],"product_tag":[],"_links":{"self":[{"href":"https:\/\/emetcorporation.com\/es\/wp-json\/wp\/v2\/product\/1337"}],"collection":[{"href":"https:\/\/emetcorporation.com\/es\/wp-json\/wp\/v2\/product"}],"about":[{"href":"https:\/\/emetcorporation.com\/es\/wp-json\/wp\/v2\/types\/product"}],"replies":[{"embeddable":true,"href":"https:\/\/emetcorporation.com\/es\/wp-json\/wp\/v2\/comments?post=1337"}],"wp:featuredmedia":[{"embeddable":true,"href":"https:\/\/emetcorporation.com\/es\/wp-json\/wp\/v2\/media\/1667"}],"wp:attachment":[{"href":"https:\/\/emetcorporation.com\/es\/wp-json\/wp\/v2\/media?parent=1337"}],"wp:term":[{"taxonomy":"product_cat","embeddable":true,"href":"https:\/\/emetcorporation.com\/es\/wp-json\/wp\/v2\/product_cat?post=1337"},{"taxonomy":"product_tag","embeddable":true,"href":"https:\/\/emetcorporation.com\/es\/wp-json\/wp\/v2\/product_tag?post=1337"}],"curies":[{"name":"wp","href":"https:\/\/api.w.org\/{rel}","templated":true}]}}