{"id":1349,"date":"2021-01-09T21:37:09","date_gmt":"2021-01-09T21:37:09","guid":{"rendered":"https:\/\/screen.com.ve\/clientes\/emet\/es\/producto\/3-4998\/"},"modified":"2021-02-05T19:01:13","modified_gmt":"2021-02-05T19:01:13","slug":"3-4998","status":"publish","type":"product","link":"https:\/\/emetcorporation.com\/es\/producto\/3-4998\/","title":{"rendered":"3-4998"},"content":{"rendered":"<p>Descripci\u00f3n: CONJUNTO P\/NI\u00d1AS<br \/>\nComposici\u00f3n: 60%ALGOD,35%POLIE,5%ELAST<br \/>\nColor: NARANJA, TURQUEZA, FUCSIA,VERDE,AMARILLO<br \/>\nTallas Infantil: 2 &#8211;  8<br \/>\nPa\u00eds de Origen: CHINA<\/p>\n","protected":false},"excerpt":{"rendered":"<p>Descripci\u00f3n: CONJUNTO P\/NI\u00d1AS Composici\u00f3n: 60%ALGOD,35%POLIE,5%ELAST Color: NARANJA, TURQUEZA, FUCSIA,VERDE,AMARILLO Tallas Infantil: 2 &#8211; 8 Pa\u00eds de Origen: CHINA<\/p>\n","protected":false},"featured_media":1740,"comment_status":"open","ping_status":"closed","template":"","meta":[],"product_cat":[263,280,323],"product_tag":[],"_links":{"self":[{"href":"https:\/\/emetcorporation.com\/es\/wp-json\/wp\/v2\/product\/1349"}],"collection":[{"href":"https:\/\/emetcorporation.com\/es\/wp-json\/wp\/v2\/product"}],"about":[{"href":"https:\/\/emetcorporation.com\/es\/wp-json\/wp\/v2\/types\/product"}],"replies":[{"embeddable":true,"href":"https:\/\/emetcorporation.com\/es\/wp-json\/wp\/v2\/comments?post=1349"}],"wp:featuredmedia":[{"embeddable":true,"href":"https:\/\/emetcorporation.com\/es\/wp-json\/wp\/v2\/media\/1740"}],"wp:attachment":[{"href":"https:\/\/emetcorporation.com\/es\/wp-json\/wp\/v2\/media?parent=1349"}],"wp:term":[{"taxonomy":"product_cat","embeddable":true,"href":"https:\/\/emetcorporation.com\/es\/wp-json\/wp\/v2\/product_cat?post=1349"},{"taxonomy":"product_tag","embeddable":true,"href":"https:\/\/emetcorporation.com\/es\/wp-json\/wp\/v2\/product_tag?post=1349"}],"curies":[{"name":"wp","href":"https:\/\/api.w.org\/{rel}","templated":true}]}}