{"id":1355,"date":"2021-01-09T21:37:25","date_gmt":"2021-01-09T21:37:25","guid":{"rendered":"https:\/\/screen.com.ve\/clientes\/emet\/es\/producto\/3-9434\/"},"modified":"2021-02-23T13:48:50","modified_gmt":"2021-02-23T13:48:50","slug":"3-9434","status":"publish","type":"product","link":"https:\/\/emetcorporation.com\/es\/producto\/3-9434\/","title":{"rendered":"3-9434"},"content":{"rendered":"<p>Descripci\u00f3n: JACKET P\/NI\u00d1A<br \/>\nComposici\u00f3n: 97%ALGODON,3%ELASTANO<br \/>\nTallas Juvenil: 8  &#8211; 16<br \/>\nTallas Infantil: 2 &#8211; 7X<br \/>\nPa\u00eds de Origen: CHINA<\/p>\n","protected":false},"excerpt":{"rendered":"<p>Descripci\u00f3n: JACKET P\/NI\u00d1A Composici\u00f3n: 97%ALGODON,3%ELASTANO Tallas Juvenil: 8 &#8211; 16 Tallas Infantil: 2 &#8211; 7X Pa\u00eds de Origen: CHINA<\/p>\n","protected":false},"featured_media":1775,"comment_status":"open","ping_status":"closed","template":"","meta":[],"product_cat":[16,263,280,283],"product_tag":[],"_links":{"self":[{"href":"https:\/\/emetcorporation.com\/es\/wp-json\/wp\/v2\/product\/1355"}],"collection":[{"href":"https:\/\/emetcorporation.com\/es\/wp-json\/wp\/v2\/product"}],"about":[{"href":"https:\/\/emetcorporation.com\/es\/wp-json\/wp\/v2\/types\/product"}],"replies":[{"embeddable":true,"href":"https:\/\/emetcorporation.com\/es\/wp-json\/wp\/v2\/comments?post=1355"}],"wp:featuredmedia":[{"embeddable":true,"href":"https:\/\/emetcorporation.com\/es\/wp-json\/wp\/v2\/media\/1775"}],"wp:attachment":[{"href":"https:\/\/emetcorporation.com\/es\/wp-json\/wp\/v2\/media?parent=1355"}],"wp:term":[{"taxonomy":"product_cat","embeddable":true,"href":"https:\/\/emetcorporation.com\/es\/wp-json\/wp\/v2\/product_cat?post=1355"},{"taxonomy":"product_tag","embeddable":true,"href":"https:\/\/emetcorporation.com\/es\/wp-json\/wp\/v2\/product_tag?post=1355"}],"curies":[{"name":"wp","href":"https:\/\/api.w.org\/{rel}","templated":true}]}}