{"id":1356,"date":"2021-01-09T21:37:29","date_gmt":"2021-01-09T21:37:29","guid":{"rendered":"https:\/\/screen.com.ve\/clientes\/emet\/es\/producto\/or3-273\/"},"modified":"2021-02-23T13:49:50","modified_gmt":"2021-02-23T13:49:50","slug":"or3-273","status":"publish","type":"product","link":"https:\/\/emetcorporation.com\/es\/producto\/or3-273\/","title":{"rendered":"OR3-273"},"content":{"rendered":"<p>Descripci\u00f3n: JACKET P\/NI\u00d1A<br \/>\nComposici\u00f3n: 97%ALGODON,3%ELASTANO<br \/>\nTallas Juvenil: 8  &#8211; 18<br \/>\nPa\u00eds de Origen: CHINA<\/p>\n","protected":false},"excerpt":{"rendered":"<p>Descripci\u00f3n: JACKET P\/NI\u00d1A Composici\u00f3n: 97%ALGODON,3%ELASTANO Tallas Juvenil: 8 &#8211; 18 Pa\u00eds de Origen: CHINA<\/p>\n","protected":false},"featured_media":1781,"comment_status":"open","ping_status":"closed","template":"","meta":[],"product_cat":[16,263,280,283],"product_tag":[],"_links":{"self":[{"href":"https:\/\/emetcorporation.com\/es\/wp-json\/wp\/v2\/product\/1356"}],"collection":[{"href":"https:\/\/emetcorporation.com\/es\/wp-json\/wp\/v2\/product"}],"about":[{"href":"https:\/\/emetcorporation.com\/es\/wp-json\/wp\/v2\/types\/product"}],"replies":[{"embeddable":true,"href":"https:\/\/emetcorporation.com\/es\/wp-json\/wp\/v2\/comments?post=1356"}],"wp:featuredmedia":[{"embeddable":true,"href":"https:\/\/emetcorporation.com\/es\/wp-json\/wp\/v2\/media\/1781"}],"wp:attachment":[{"href":"https:\/\/emetcorporation.com\/es\/wp-json\/wp\/v2\/media?parent=1356"}],"wp:term":[{"taxonomy":"product_cat","embeddable":true,"href":"https:\/\/emetcorporation.com\/es\/wp-json\/wp\/v2\/product_cat?post=1356"},{"taxonomy":"product_tag","embeddable":true,"href":"https:\/\/emetcorporation.com\/es\/wp-json\/wp\/v2\/product_tag?post=1356"}],"curies":[{"name":"wp","href":"https:\/\/api.w.org\/{rel}","templated":true}]}}