{"id":1368,"date":"2021-01-09T21:37:58","date_gmt":"2021-01-09T21:37:58","guid":{"rendered":"https:\/\/screen.com.ve\/clientes\/emet\/es\/producto\/27-5897\/"},"modified":"2021-02-23T14:21:13","modified_gmt":"2021-02-23T14:21:13","slug":"27-5897","status":"publish","type":"product","link":"https:\/\/emetcorporation.com\/es\/producto\/27-5897\/","title":{"rendered":"27-5897"},"content":{"rendered":"<p>Descripci\u00f3n: JEANS P\/NI\u00d1A<br \/>\nComposici\u00f3n: 95%ALGODON,5%ELASTANO<br \/>\nColor: INDIGO<br \/>\nTallas Juvenil: 2 &#8211;  8<br \/>\nPa\u00eds de Origen: CHINA<\/p>\n","protected":false},"excerpt":{"rendered":"<p>Descripci\u00f3n: JEANS P\/NI\u00d1A Composici\u00f3n: 95%ALGODON,5%ELASTANO Color: INDIGO Tallas Juvenil: 2 &#8211; 8 Pa\u00eds de Origen: CHINA<\/p>\n","protected":false},"featured_media":1803,"comment_status":"open","ping_status":"closed","template":"","meta":[],"product_cat":[16,263,280,285],"product_tag":[],"_links":{"self":[{"href":"https:\/\/emetcorporation.com\/es\/wp-json\/wp\/v2\/product\/1368"}],"collection":[{"href":"https:\/\/emetcorporation.com\/es\/wp-json\/wp\/v2\/product"}],"about":[{"href":"https:\/\/emetcorporation.com\/es\/wp-json\/wp\/v2\/types\/product"}],"replies":[{"embeddable":true,"href":"https:\/\/emetcorporation.com\/es\/wp-json\/wp\/v2\/comments?post=1368"}],"wp:featuredmedia":[{"embeddable":true,"href":"https:\/\/emetcorporation.com\/es\/wp-json\/wp\/v2\/media\/1803"}],"wp:attachment":[{"href":"https:\/\/emetcorporation.com\/es\/wp-json\/wp\/v2\/media?parent=1368"}],"wp:term":[{"taxonomy":"product_cat","embeddable":true,"href":"https:\/\/emetcorporation.com\/es\/wp-json\/wp\/v2\/product_cat?post=1368"},{"taxonomy":"product_tag","embeddable":true,"href":"https:\/\/emetcorporation.com\/es\/wp-json\/wp\/v2\/product_tag?post=1368"}],"curies":[{"name":"wp","href":"https:\/\/api.w.org\/{rel}","templated":true}]}}