{"id":1372,"date":"2021-01-09T21:38:09","date_gmt":"2021-01-09T21:38:09","guid":{"rendered":"https:\/\/screen.com.ve\/clientes\/emet\/es\/producto\/55-1124\/"},"modified":"2021-02-23T14:58:23","modified_gmt":"2021-02-23T14:58:23","slug":"55-1124","status":"publish","type":"product","link":"https:\/\/emetcorporation.com\/es\/producto\/55-1124\/","title":{"rendered":"55-1124"},"content":{"rendered":"<p>Descripci\u00f3n: JEANS P\/NI\u00d1A<br \/>\nComposici\u00f3n: 81%ALGOD,16%POLIE,3%ELAST<br \/>\nColor: CELESTE,AZUL MARINO<br \/>\nTallas Dama: 8  &#8211; 16<br \/>\nPa\u00eds de Origen: CHINA<\/p>\n","protected":false},"excerpt":{"rendered":"<p>Descripci\u00f3n: JEANS P\/NI\u00d1A Composici\u00f3n: 81%ALGOD,16%POLIE,3%ELAST Color: CELESTE,AZUL MARINO Tallas Dama: 8 &#8211; 16 Pa\u00eds de Origen: CHINA<\/p>\n","protected":false},"featured_media":1822,"comment_status":"open","ping_status":"closed","template":"","meta":[],"product_cat":[16,263,280,285],"product_tag":[],"_links":{"self":[{"href":"https:\/\/emetcorporation.com\/es\/wp-json\/wp\/v2\/product\/1372"}],"collection":[{"href":"https:\/\/emetcorporation.com\/es\/wp-json\/wp\/v2\/product"}],"about":[{"href":"https:\/\/emetcorporation.com\/es\/wp-json\/wp\/v2\/types\/product"}],"replies":[{"embeddable":true,"href":"https:\/\/emetcorporation.com\/es\/wp-json\/wp\/v2\/comments?post=1372"}],"wp:featuredmedia":[{"embeddable":true,"href":"https:\/\/emetcorporation.com\/es\/wp-json\/wp\/v2\/media\/1822"}],"wp:attachment":[{"href":"https:\/\/emetcorporation.com\/es\/wp-json\/wp\/v2\/media?parent=1372"}],"wp:term":[{"taxonomy":"product_cat","embeddable":true,"href":"https:\/\/emetcorporation.com\/es\/wp-json\/wp\/v2\/product_cat?post=1372"},{"taxonomy":"product_tag","embeddable":true,"href":"https:\/\/emetcorporation.com\/es\/wp-json\/wp\/v2\/product_tag?post=1372"}],"curies":[{"name":"wp","href":"https:\/\/api.w.org\/{rel}","templated":true}]}}