{"id":1380,"date":"2021-01-09T21:38:31","date_gmt":"2021-01-09T21:38:31","guid":{"rendered":"https:\/\/screen.com.ve\/clientes\/emet\/es\/producto\/29-6012\/"},"modified":"2021-01-30T22:16:40","modified_gmt":"2021-01-30T22:16:40","slug":"29-6012","status":"publish","type":"product","link":"https:\/\/emetcorporation.com\/es\/producto\/29-6012\/","title":{"rendered":"29-6012"},"content":{"rendered":"<p>Descripci\u00f3n: MEDIAS P\/NI\u00d1A<br \/>\nComposici\u00f3n: 75%ALGODON, 25%ELASTANO<br \/>\nColor: BLANCO,CELESTE,TURQUEZA,ROSADO,FUCSIA,LILA<br \/>\nTallas Infantil: 6 &#8211; 8<br \/>\nPa\u00eds de Origen: CHINA<\/p>\n","protected":false},"excerpt":{"rendered":"<p>Descripci\u00f3n: MEDIAS P\/NI\u00d1A Composici\u00f3n: 75%ALGODON, 25%ELASTANO Color: BLANCO,CELESTE,TURQUEZA,ROSADO,FUCSIA,LILA Tallas Infantil: 6 &#8211; 8 Pa\u00eds de Origen: CHINA<\/p>\n","protected":false},"featured_media":1877,"comment_status":"open","ping_status":"closed","template":"","meta":[],"product_cat":[263,280,288],"product_tag":[],"_links":{"self":[{"href":"https:\/\/emetcorporation.com\/es\/wp-json\/wp\/v2\/product\/1380"}],"collection":[{"href":"https:\/\/emetcorporation.com\/es\/wp-json\/wp\/v2\/product"}],"about":[{"href":"https:\/\/emetcorporation.com\/es\/wp-json\/wp\/v2\/types\/product"}],"replies":[{"embeddable":true,"href":"https:\/\/emetcorporation.com\/es\/wp-json\/wp\/v2\/comments?post=1380"}],"wp:featuredmedia":[{"embeddable":true,"href":"https:\/\/emetcorporation.com\/es\/wp-json\/wp\/v2\/media\/1877"}],"wp:attachment":[{"href":"https:\/\/emetcorporation.com\/es\/wp-json\/wp\/v2\/media?parent=1380"}],"wp:term":[{"taxonomy":"product_cat","embeddable":true,"href":"https:\/\/emetcorporation.com\/es\/wp-json\/wp\/v2\/product_cat?post=1380"},{"taxonomy":"product_tag","embeddable":true,"href":"https:\/\/emetcorporation.com\/es\/wp-json\/wp\/v2\/product_tag?post=1380"}],"curies":[{"name":"wp","href":"https:\/\/api.w.org\/{rel}","templated":true}]}}