{"id":1385,"date":"2021-01-09T21:38:42","date_gmt":"2021-01-09T21:38:42","guid":{"rendered":"https:\/\/screen.com.ve\/clientes\/emet\/es\/producto\/28-2748\/"},"modified":"2021-01-30T22:16:41","modified_gmt":"2021-01-30T22:16:41","slug":"28-2748","status":"publish","type":"product","link":"https:\/\/emetcorporation.com\/es\/producto\/28-2748\/","title":{"rendered":"28-2748"},"content":{"rendered":"<p>Descripci\u00f3n: LEGGING<br \/>\nComposici\u00f3n: 92% NYLON 8% SPANDEX<br \/>\nColor: BLANCO, NEGRO<br \/>\nTallas Dama: UNICA<br \/>\nPa\u00eds de Origen: CHINA<\/p>\n","protected":false},"excerpt":{"rendered":"<p>Descripci\u00f3n: LEGGING Composici\u00f3n: 92% NYLON 8% SPANDEX Color: BLANCO, NEGRO Tallas Dama: UNICA Pa\u00eds de Origen: CHINA<\/p>\n","protected":false},"featured_media":4467,"comment_status":"open","ping_status":"closed","template":"","meta":[],"product_cat":[263,280,289],"product_tag":[],"_links":{"self":[{"href":"https:\/\/emetcorporation.com\/es\/wp-json\/wp\/v2\/product\/1385"}],"collection":[{"href":"https:\/\/emetcorporation.com\/es\/wp-json\/wp\/v2\/product"}],"about":[{"href":"https:\/\/emetcorporation.com\/es\/wp-json\/wp\/v2\/types\/product"}],"replies":[{"embeddable":true,"href":"https:\/\/emetcorporation.com\/es\/wp-json\/wp\/v2\/comments?post=1385"}],"wp:featuredmedia":[{"embeddable":true,"href":"https:\/\/emetcorporation.com\/es\/wp-json\/wp\/v2\/media\/4467"}],"wp:attachment":[{"href":"https:\/\/emetcorporation.com\/es\/wp-json\/wp\/v2\/media?parent=1385"}],"wp:term":[{"taxonomy":"product_cat","embeddable":true,"href":"https:\/\/emetcorporation.com\/es\/wp-json\/wp\/v2\/product_cat?post=1385"},{"taxonomy":"product_tag","embeddable":true,"href":"https:\/\/emetcorporation.com\/es\/wp-json\/wp\/v2\/product_tag?post=1385"}],"curies":[{"name":"wp","href":"https:\/\/api.w.org\/{rel}","templated":true}]}}