{"id":1386,"date":"2021-01-09T21:38:44","date_gmt":"2021-01-09T21:38:44","guid":{"rendered":"https:\/\/screen.com.ve\/clientes\/emet\/es\/producto\/or15-070\/"},"modified":"2021-02-23T15:24:13","modified_gmt":"2021-02-23T15:24:13","slug":"or15-070","status":"publish","type":"product","link":"https:\/\/emetcorporation.com\/es\/producto\/or15-070\/","title":{"rendered":"OR15-070"},"content":{"rendered":"<p>Descripci\u00f3n: SHORT P\/NI\u00d1A<br \/>\nComposici\u00f3n: 100% ALGOD\u00d3N<br \/>\nColor: AZUL<br \/>\nTallas Juvenil: 8  &#8211; 16<br \/>\nPa\u00eds de Origen: CHINA<\/p>\n","protected":false},"excerpt":{"rendered":"<p>Descripci\u00f3n: SHORT P\/NI\u00d1A Composici\u00f3n: 100% ALGOD\u00d3N Color: AZUL Tallas Juvenil: 8 &#8211; 16 Pa\u00eds de Origen: CHINA<\/p>\n","protected":false},"featured_media":1917,"comment_status":"open","ping_status":"closed","template":"","meta":[],"product_cat":[263,280,290],"product_tag":[],"_links":{"self":[{"href":"https:\/\/emetcorporation.com\/es\/wp-json\/wp\/v2\/product\/1386"}],"collection":[{"href":"https:\/\/emetcorporation.com\/es\/wp-json\/wp\/v2\/product"}],"about":[{"href":"https:\/\/emetcorporation.com\/es\/wp-json\/wp\/v2\/types\/product"}],"replies":[{"embeddable":true,"href":"https:\/\/emetcorporation.com\/es\/wp-json\/wp\/v2\/comments?post=1386"}],"wp:featuredmedia":[{"embeddable":true,"href":"https:\/\/emetcorporation.com\/es\/wp-json\/wp\/v2\/media\/1917"}],"wp:attachment":[{"href":"https:\/\/emetcorporation.com\/es\/wp-json\/wp\/v2\/media?parent=1386"}],"wp:term":[{"taxonomy":"product_cat","embeddable":true,"href":"https:\/\/emetcorporation.com\/es\/wp-json\/wp\/v2\/product_cat?post=1386"},{"taxonomy":"product_tag","embeddable":true,"href":"https:\/\/emetcorporation.com\/es\/wp-json\/wp\/v2\/product_tag?post=1386"}],"curies":[{"name":"wp","href":"https:\/\/api.w.org\/{rel}","templated":true}]}}