{"id":1389,"date":"2021-01-09T21:38:52","date_gmt":"2021-01-09T21:38:52","guid":{"rendered":"https:\/\/screen.com.ve\/clientes\/emet\/es\/producto\/20-17826\/"},"modified":"2021-02-23T15:34:45","modified_gmt":"2021-02-23T15:34:45","slug":"20-17826","status":"publish","type":"product","link":"https:\/\/emetcorporation.com\/es\/producto\/20-17826\/","title":{"rendered":"20-17826"},"content":{"rendered":"<p>Descripci\u00f3n: SHORT P\/NI\u00d1A<br \/>\nComposici\u00f3n: 67%ALGOD,30%POLIE,3%ELAST<br \/>\nColor: AZUL<br \/>\nTallas Juvenil: 8  &#8211; 16<br \/>\nPa\u00eds de Origen: CHINA<\/p>\n","protected":false},"excerpt":{"rendered":"<p>Descripci\u00f3n: SHORT P\/NI\u00d1A Composici\u00f3n: 67%ALGOD,30%POLIE,3%ELAST Color: AZUL Tallas Juvenil: 8 &#8211; 16 Pa\u00eds de Origen: CHINA<\/p>\n","protected":false},"featured_media":1927,"comment_status":"open","ping_status":"closed","template":"","meta":[],"product_cat":[16,263,280,290],"product_tag":[],"_links":{"self":[{"href":"https:\/\/emetcorporation.com\/es\/wp-json\/wp\/v2\/product\/1389"}],"collection":[{"href":"https:\/\/emetcorporation.com\/es\/wp-json\/wp\/v2\/product"}],"about":[{"href":"https:\/\/emetcorporation.com\/es\/wp-json\/wp\/v2\/types\/product"}],"replies":[{"embeddable":true,"href":"https:\/\/emetcorporation.com\/es\/wp-json\/wp\/v2\/comments?post=1389"}],"wp:featuredmedia":[{"embeddable":true,"href":"https:\/\/emetcorporation.com\/es\/wp-json\/wp\/v2\/media\/1927"}],"wp:attachment":[{"href":"https:\/\/emetcorporation.com\/es\/wp-json\/wp\/v2\/media?parent=1389"}],"wp:term":[{"taxonomy":"product_cat","embeddable":true,"href":"https:\/\/emetcorporation.com\/es\/wp-json\/wp\/v2\/product_cat?post=1389"},{"taxonomy":"product_tag","embeddable":true,"href":"https:\/\/emetcorporation.com\/es\/wp-json\/wp\/v2\/product_tag?post=1389"}],"curies":[{"name":"wp","href":"https:\/\/api.w.org\/{rel}","templated":true}]}}