{"id":1390,"date":"2021-01-09T21:38:54","date_gmt":"2021-01-09T21:38:54","guid":{"rendered":"https:\/\/screen.com.ve\/clientes\/emet\/es\/producto\/55-1047\/"},"modified":"2021-02-23T15:35:38","modified_gmt":"2021-02-23T15:35:38","slug":"55-1047","status":"publish","type":"product","link":"https:\/\/emetcorporation.com\/es\/producto\/55-1047\/","title":{"rendered":"55-1047"},"content":{"rendered":"<p>Descripci\u00f3n: SHORT P\/NI\u00d1A<br \/>\nComposici\u00f3n: 100% ALGOD\u00d3N<br \/>\nColor: BLANCO,AZUL,ROJO,ROSADO,CHOCOLATE,CREMA<br \/>\nTallas Juvenil: 8  &#8211; 16<br \/>\nTallas Dama: S &#8211; XL<br \/>\nPa\u00eds de Origen: CHINA<\/p>\n","protected":false},"excerpt":{"rendered":"<p>Descripci\u00f3n: SHORT P\/NI\u00d1A Composici\u00f3n: 100% ALGOD\u00d3N Color: BLANCO,AZUL,ROJO,ROSADO,CHOCOLATE,CREMA Tallas Juvenil: 8 &#8211; 16 Tallas Dama: S &#8211; XL Pa\u00eds de Origen: CHINA<\/p>\n","protected":false},"featured_media":1929,"comment_status":"open","ping_status":"closed","template":"","meta":[],"product_cat":[16,263,264,324,280,290],"product_tag":[],"_links":{"self":[{"href":"https:\/\/emetcorporation.com\/es\/wp-json\/wp\/v2\/product\/1390"}],"collection":[{"href":"https:\/\/emetcorporation.com\/es\/wp-json\/wp\/v2\/product"}],"about":[{"href":"https:\/\/emetcorporation.com\/es\/wp-json\/wp\/v2\/types\/product"}],"replies":[{"embeddable":true,"href":"https:\/\/emetcorporation.com\/es\/wp-json\/wp\/v2\/comments?post=1390"}],"wp:featuredmedia":[{"embeddable":true,"href":"https:\/\/emetcorporation.com\/es\/wp-json\/wp\/v2\/media\/1929"}],"wp:attachment":[{"href":"https:\/\/emetcorporation.com\/es\/wp-json\/wp\/v2\/media?parent=1390"}],"wp:term":[{"taxonomy":"product_cat","embeddable":true,"href":"https:\/\/emetcorporation.com\/es\/wp-json\/wp\/v2\/product_cat?post=1390"},{"taxonomy":"product_tag","embeddable":true,"href":"https:\/\/emetcorporation.com\/es\/wp-json\/wp\/v2\/product_tag?post=1390"}],"curies":[{"name":"wp","href":"https:\/\/api.w.org\/{rel}","templated":true}]}}