{"id":1401,"date":"2021-01-09T21:39:20","date_gmt":"2021-01-09T21:39:20","guid":{"rendered":"https:\/\/screen.com.ve\/clientes\/emet\/es\/producto\/21-3297\/"},"modified":"2021-02-23T16:10:34","modified_gmt":"2021-02-23T16:10:34","slug":"21-3297","status":"publish","type":"product","link":"https:\/\/emetcorporation.com\/es\/producto\/21-3297\/","title":{"rendered":"21-3297"},"content":{"rendered":"<p>Descripci\u00f3n: FALDA P\/NI\u00d1A<br \/>\nComposici\u00f3n: 95% ALGODON 5% ELASTANO<br \/>\nColor: AZUL MARINO-MORADO-GRIS-VERDE-TURQUEZA-FUCSIA<br \/>\nTallas Infantil: 2 &#8211; 7X<br \/>\nPa\u00eds de Origen: CHINA<\/p>\n","protected":false},"excerpt":{"rendered":"<p>Descripci\u00f3n: FALDA P\/NI\u00d1A Composici\u00f3n: 95% ALGODON 5% ELASTANO Color: AZUL MARINO-MORADO-GRIS-VERDE-TURQUEZA-FUCSIA Tallas Infantil: 2 &#8211; 7X Pa\u00eds de Origen: CHINA<\/p>\n","protected":false},"featured_media":1967,"comment_status":"open","ping_status":"closed","template":"","meta":[],"product_cat":[16,263,280,290],"product_tag":[],"_links":{"self":[{"href":"https:\/\/emetcorporation.com\/es\/wp-json\/wp\/v2\/product\/1401"}],"collection":[{"href":"https:\/\/emetcorporation.com\/es\/wp-json\/wp\/v2\/product"}],"about":[{"href":"https:\/\/emetcorporation.com\/es\/wp-json\/wp\/v2\/types\/product"}],"replies":[{"embeddable":true,"href":"https:\/\/emetcorporation.com\/es\/wp-json\/wp\/v2\/comments?post=1401"}],"wp:featuredmedia":[{"embeddable":true,"href":"https:\/\/emetcorporation.com\/es\/wp-json\/wp\/v2\/media\/1967"}],"wp:attachment":[{"href":"https:\/\/emetcorporation.com\/es\/wp-json\/wp\/v2\/media?parent=1401"}],"wp:term":[{"taxonomy":"product_cat","embeddable":true,"href":"https:\/\/emetcorporation.com\/es\/wp-json\/wp\/v2\/product_cat?post=1401"},{"taxonomy":"product_tag","embeddable":true,"href":"https:\/\/emetcorporation.com\/es\/wp-json\/wp\/v2\/product_tag?post=1401"}],"curies":[{"name":"wp","href":"https:\/\/api.w.org\/{rel}","templated":true}]}}