{"id":1405,"date":"2021-01-09T21:39:33","date_gmt":"2021-01-09T21:39:33","guid":{"rendered":"https:\/\/screen.com.ve\/clientes\/emet\/es\/producto\/3-9087\/"},"modified":"2021-01-30T22:16:44","modified_gmt":"2021-01-30T22:16:44","slug":"3-9087","status":"publish","type":"product","link":"https:\/\/emetcorporation.com\/es\/producto\/3-9087\/","title":{"rendered":"3-9087"},"content":{"rendered":"<p>Descripci\u00f3n: SUETER P\/NI\u00d1A<br \/>\nComposici\u00f3n: 57%ALGOD,38%POLIE,5%ELAST<br \/>\nColor: BLANCO, AZUL, SALMON, AQUA, FUCSIA<br \/>\nTallas Juvenil: 10 &#8211; 16<br \/>\nPa\u00eds de Origen: CHINA<\/p>\n","protected":false},"excerpt":{"rendered":"<p>Descripci\u00f3n: SUETER P\/NI\u00d1A Composici\u00f3n: 57%ALGOD,38%POLIE,5%ELAST Color: BLANCO, AZUL, SALMON, AQUA, FUCSIA Tallas Juvenil: 10 &#8211; 16 Pa\u00eds de Origen: CHINA<\/p>\n","protected":false},"featured_media":1981,"comment_status":"open","ping_status":"closed","template":"","meta":[],"product_cat":[263,280,291],"product_tag":[],"_links":{"self":[{"href":"https:\/\/emetcorporation.com\/es\/wp-json\/wp\/v2\/product\/1405"}],"collection":[{"href":"https:\/\/emetcorporation.com\/es\/wp-json\/wp\/v2\/product"}],"about":[{"href":"https:\/\/emetcorporation.com\/es\/wp-json\/wp\/v2\/types\/product"}],"replies":[{"embeddable":true,"href":"https:\/\/emetcorporation.com\/es\/wp-json\/wp\/v2\/comments?post=1405"}],"wp:featuredmedia":[{"embeddable":true,"href":"https:\/\/emetcorporation.com\/es\/wp-json\/wp\/v2\/media\/1981"}],"wp:attachment":[{"href":"https:\/\/emetcorporation.com\/es\/wp-json\/wp\/v2\/media?parent=1405"}],"wp:term":[{"taxonomy":"product_cat","embeddable":true,"href":"https:\/\/emetcorporation.com\/es\/wp-json\/wp\/v2\/product_cat?post=1405"},{"taxonomy":"product_tag","embeddable":true,"href":"https:\/\/emetcorporation.com\/es\/wp-json\/wp\/v2\/product_tag?post=1405"}],"curies":[{"name":"wp","href":"https:\/\/api.w.org\/{rel}","templated":true}]}}