{"id":1406,"date":"2021-01-09T21:39:35","date_gmt":"2021-01-09T21:39:35","guid":{"rendered":"https:\/\/screen.com.ve\/clientes\/emet\/es\/producto\/15-4201\/"},"modified":"2021-01-30T22:16:44","modified_gmt":"2021-01-30T22:16:44","slug":"15-4201","status":"publish","type":"product","link":"https:\/\/emetcorporation.com\/es\/producto\/15-4201\/","title":{"rendered":"15-4201"},"content":{"rendered":"<p>Descripci\u00f3n: SUETER P\/NI\u00d1A<br \/>\nComposici\u00f3n: 95%ALGODON,5%ELASTANO<br \/>\nColor: BLANCO, GRIS, ROSADO, AQUA<br \/>\nTallas Juvenil: 8  &#8211; 16<br \/>\nPa\u00eds de Origen: CHINA<\/p>\n","protected":false},"excerpt":{"rendered":"<p>Descripci\u00f3n: SUETER P\/NI\u00d1A Composici\u00f3n: 95%ALGODON,5%ELASTANO Color: BLANCO, GRIS, ROSADO, AQUA Tallas Juvenil: 8 &#8211; 16 Pa\u00eds de Origen: CHINA<\/p>\n","protected":false},"featured_media":1992,"comment_status":"open","ping_status":"closed","template":"","meta":[],"product_cat":[263,280,291],"product_tag":[],"_links":{"self":[{"href":"https:\/\/emetcorporation.com\/es\/wp-json\/wp\/v2\/product\/1406"}],"collection":[{"href":"https:\/\/emetcorporation.com\/es\/wp-json\/wp\/v2\/product"}],"about":[{"href":"https:\/\/emetcorporation.com\/es\/wp-json\/wp\/v2\/types\/product"}],"replies":[{"embeddable":true,"href":"https:\/\/emetcorporation.com\/es\/wp-json\/wp\/v2\/comments?post=1406"}],"wp:featuredmedia":[{"embeddable":true,"href":"https:\/\/emetcorporation.com\/es\/wp-json\/wp\/v2\/media\/1992"}],"wp:attachment":[{"href":"https:\/\/emetcorporation.com\/es\/wp-json\/wp\/v2\/media?parent=1406"}],"wp:term":[{"taxonomy":"product_cat","embeddable":true,"href":"https:\/\/emetcorporation.com\/es\/wp-json\/wp\/v2\/product_cat?post=1406"},{"taxonomy":"product_tag","embeddable":true,"href":"https:\/\/emetcorporation.com\/es\/wp-json\/wp\/v2\/product_tag?post=1406"}],"curies":[{"name":"wp","href":"https:\/\/api.w.org\/{rel}","templated":true}]}}