{"id":1407,"date":"2021-01-09T21:39:37","date_gmt":"2021-01-09T21:39:37","guid":{"rendered":"https:\/\/screen.com.ve\/clientes\/emet\/es\/producto\/or55-906\/"},"modified":"2021-01-30T22:16:44","modified_gmt":"2021-01-30T22:16:44","slug":"or55-906","status":"publish","type":"product","link":"https:\/\/emetcorporation.com\/es\/producto\/or55-906\/","title":{"rendered":"OR55-906"},"content":{"rendered":"<p>Descripci\u00f3n: SUETER P\/NI\u00d1A<br \/>\nComposici\u00f3n: 65%ALGOD\u00d3N, 35%POLIESTER<br \/>\nColor: FUCSIA, BLANCO, AZUL, ROJO, ROSADO, MAMEY<br \/>\nTallas Juvenil: 10 &#8211; 18<br \/>\nPa\u00eds de Origen: CHINA<\/p>\n","protected":false},"excerpt":{"rendered":"<p>Descripci\u00f3n: SUETER P\/NI\u00d1A Composici\u00f3n: 65%ALGOD\u00d3N, 35%POLIESTER Color: FUCSIA, BLANCO, AZUL, ROJO, ROSADO, MAMEY Tallas Juvenil: 10 &#8211; 18 Pa\u00eds de Origen: CHINA<\/p>\n","protected":false},"featured_media":1999,"comment_status":"open","ping_status":"closed","template":"","meta":[],"product_cat":[263,280,291],"product_tag":[],"_links":{"self":[{"href":"https:\/\/emetcorporation.com\/es\/wp-json\/wp\/v2\/product\/1407"}],"collection":[{"href":"https:\/\/emetcorporation.com\/es\/wp-json\/wp\/v2\/product"}],"about":[{"href":"https:\/\/emetcorporation.com\/es\/wp-json\/wp\/v2\/types\/product"}],"replies":[{"embeddable":true,"href":"https:\/\/emetcorporation.com\/es\/wp-json\/wp\/v2\/comments?post=1407"}],"wp:featuredmedia":[{"embeddable":true,"href":"https:\/\/emetcorporation.com\/es\/wp-json\/wp\/v2\/media\/1999"}],"wp:attachment":[{"href":"https:\/\/emetcorporation.com\/es\/wp-json\/wp\/v2\/media?parent=1407"}],"wp:term":[{"taxonomy":"product_cat","embeddable":true,"href":"https:\/\/emetcorporation.com\/es\/wp-json\/wp\/v2\/product_cat?post=1407"},{"taxonomy":"product_tag","embeddable":true,"href":"https:\/\/emetcorporation.com\/es\/wp-json\/wp\/v2\/product_tag?post=1407"}],"curies":[{"name":"wp","href":"https:\/\/api.w.org\/{rel}","templated":true}]}}