{"id":1409,"date":"2021-01-09T21:39:41","date_gmt":"2021-01-09T21:39:41","guid":{"rendered":"https:\/\/screen.com.ve\/clientes\/emet\/es\/producto\/3-6956\/"},"modified":"2021-03-04T18:39:22","modified_gmt":"2021-03-04T18:39:22","slug":"3-6956","status":"publish","type":"product","link":"https:\/\/emetcorporation.com\/es\/producto\/3-6956\/","title":{"rendered":"3-6956"},"content":{"rendered":"<p>Descripci\u00f3n: SUETER P\/NI\u00d1A<br \/>\nComposici\u00f3n: 100% POLIESTER<br \/>\nColor: BLANCO, SANDIA, VERDE CA\u00d1A, LILA, ROSADO, VERDE<br \/>\nTallas Infantil: 2 &#8211;  8<br \/>\nPa\u00eds de Origen: CHINA<\/p>\n","protected":false},"excerpt":{"rendered":"<p>Descripci\u00f3n: SUETER P\/NI\u00d1A Composici\u00f3n: 100% POLIESTER Color: BLANCO, SANDIA, VERDE CA\u00d1A, LILA, ROSADO, VERDE Tallas Infantil: 2 &#8211; 8 Pa\u00eds de Origen: CHINA<\/p>\n","protected":false},"featured_media":5212,"comment_status":"open","ping_status":"closed","template":"","meta":[],"product_cat":[263,280,291],"product_tag":[],"_links":{"self":[{"href":"https:\/\/emetcorporation.com\/es\/wp-json\/wp\/v2\/product\/1409"}],"collection":[{"href":"https:\/\/emetcorporation.com\/es\/wp-json\/wp\/v2\/product"}],"about":[{"href":"https:\/\/emetcorporation.com\/es\/wp-json\/wp\/v2\/types\/product"}],"replies":[{"embeddable":true,"href":"https:\/\/emetcorporation.com\/es\/wp-json\/wp\/v2\/comments?post=1409"}],"wp:featuredmedia":[{"embeddable":true,"href":"https:\/\/emetcorporation.com\/es\/wp-json\/wp\/v2\/media\/5212"}],"wp:attachment":[{"href":"https:\/\/emetcorporation.com\/es\/wp-json\/wp\/v2\/media?parent=1409"}],"wp:term":[{"taxonomy":"product_cat","embeddable":true,"href":"https:\/\/emetcorporation.com\/es\/wp-json\/wp\/v2\/product_cat?post=1409"},{"taxonomy":"product_tag","embeddable":true,"href":"https:\/\/emetcorporation.com\/es\/wp-json\/wp\/v2\/product_tag?post=1409"}],"curies":[{"name":"wp","href":"https:\/\/api.w.org\/{rel}","templated":true}]}}