{"id":1411,"date":"2021-01-09T21:39:46","date_gmt":"2021-01-09T21:39:46","guid":{"rendered":"https:\/\/screen.com.ve\/clientes\/emet\/es\/producto\/55-1079\/"},"modified":"2021-03-04T19:00:28","modified_gmt":"2021-03-04T19:00:28","slug":"55-1079","status":"publish","type":"product","link":"https:\/\/emetcorporation.com\/es\/producto\/55-1079\/","title":{"rendered":"55-1079"},"content":{"rendered":"<p>Descripci\u00f3n: SUETER P\/NI\u00d1A<br \/>\nComposici\u00f3n: 95%RAYON,5%ELASTANO<br \/>\nColor: BLANCO,AZUL,NARANJA,TURQUEZA,FUCSIA,VERDE CA\u00d1A<br \/>\nTallas Juvenil: 8 &#8211; 16<br \/>\nPa\u00eds de Origen: CHINA<\/p>\n","protected":false},"excerpt":{"rendered":"<p>Descripci\u00f3n: SUETER P\/NI\u00d1A Composici\u00f3n: 95%RAYON,5%ELASTANO Color: BLANCO,AZUL,NARANJA,TURQUEZA,FUCSIA,VERDE CA\u00d1A Tallas Juvenil: 8 &#8211; 16 Pa\u00eds de Origen: CHINA<\/p>\n","protected":false},"featured_media":5225,"comment_status":"open","ping_status":"closed","template":"","meta":[],"product_cat":[263,280,291],"product_tag":[],"_links":{"self":[{"href":"https:\/\/emetcorporation.com\/es\/wp-json\/wp\/v2\/product\/1411"}],"collection":[{"href":"https:\/\/emetcorporation.com\/es\/wp-json\/wp\/v2\/product"}],"about":[{"href":"https:\/\/emetcorporation.com\/es\/wp-json\/wp\/v2\/types\/product"}],"replies":[{"embeddable":true,"href":"https:\/\/emetcorporation.com\/es\/wp-json\/wp\/v2\/comments?post=1411"}],"wp:featuredmedia":[{"embeddable":true,"href":"https:\/\/emetcorporation.com\/es\/wp-json\/wp\/v2\/media\/5225"}],"wp:attachment":[{"href":"https:\/\/emetcorporation.com\/es\/wp-json\/wp\/v2\/media?parent=1411"}],"wp:term":[{"taxonomy":"product_cat","embeddable":true,"href":"https:\/\/emetcorporation.com\/es\/wp-json\/wp\/v2\/product_cat?post=1411"},{"taxonomy":"product_tag","embeddable":true,"href":"https:\/\/emetcorporation.com\/es\/wp-json\/wp\/v2\/product_tag?post=1411"}],"curies":[{"name":"wp","href":"https:\/\/api.w.org\/{rel}","templated":true}]}}