{"id":1412,"date":"2021-01-09T21:39:48","date_gmt":"2021-01-09T21:39:48","guid":{"rendered":"https:\/\/screen.com.ve\/clientes\/emet\/es\/producto\/or55-330\/"},"modified":"2021-03-04T19:04:05","modified_gmt":"2021-03-04T19:04:05","slug":"or55-330","status":"publish","type":"product","link":"https:\/\/emetcorporation.com\/es\/producto\/or55-330\/","title":{"rendered":"OR55-330"},"content":{"rendered":"<p>Descripci\u00f3n: SUETER P\/NI\u00d1A<br \/>\nComposici\u00f3n: 95%POLIESTER,,5%ELASTANO<br \/>\nColor: BLANCO,NEGRO,NARANJA,ROSADO,VERDE,MAMEY<br \/>\nTallas Juvenil: 10 &#8211; 18<br \/>\nPa\u00eds de Origen: CHINA<\/p>\n","protected":false},"excerpt":{"rendered":"<p>Descripci\u00f3n: SUETER P\/NI\u00d1A Composici\u00f3n: 95%POLIESTER,,5%ELASTANO Color: BLANCO,NEGRO,NARANJA,ROSADO,VERDE,MAMEY Tallas Juvenil: 10 &#8211; 18 Pa\u00eds de Origen: CHINA<\/p>\n","protected":false},"featured_media":5242,"comment_status":"open","ping_status":"closed","template":"","meta":[],"product_cat":[16,263,280,291],"product_tag":[],"_links":{"self":[{"href":"https:\/\/emetcorporation.com\/es\/wp-json\/wp\/v2\/product\/1412"}],"collection":[{"href":"https:\/\/emetcorporation.com\/es\/wp-json\/wp\/v2\/product"}],"about":[{"href":"https:\/\/emetcorporation.com\/es\/wp-json\/wp\/v2\/types\/product"}],"replies":[{"embeddable":true,"href":"https:\/\/emetcorporation.com\/es\/wp-json\/wp\/v2\/comments?post=1412"}],"wp:featuredmedia":[{"embeddable":true,"href":"https:\/\/emetcorporation.com\/es\/wp-json\/wp\/v2\/media\/5242"}],"wp:attachment":[{"href":"https:\/\/emetcorporation.com\/es\/wp-json\/wp\/v2\/media?parent=1412"}],"wp:term":[{"taxonomy":"product_cat","embeddable":true,"href":"https:\/\/emetcorporation.com\/es\/wp-json\/wp\/v2\/product_cat?post=1412"},{"taxonomy":"product_tag","embeddable":true,"href":"https:\/\/emetcorporation.com\/es\/wp-json\/wp\/v2\/product_tag?post=1412"}],"curies":[{"name":"wp","href":"https:\/\/api.w.org\/{rel}","templated":true}]}}