{"id":1413,"date":"2021-01-09T21:39:50","date_gmt":"2021-01-09T21:39:50","guid":{"rendered":"https:\/\/screen.com.ve\/clientes\/emet\/es\/producto\/or55-457\/"},"modified":"2021-01-30T22:16:47","modified_gmt":"2021-01-30T22:16:47","slug":"or55-457","status":"publish","type":"product","link":"https:\/\/emetcorporation.com\/es\/producto\/or55-457\/","title":{"rendered":"OR55-457"},"content":{"rendered":"<p>Descripci\u00f3n: SUETER P\/NI\u00d1A<br \/>\nComposici\u00f3n: 100% POLIESTER<br \/>\nColor: BLANCO,NEGRO,NARANJA,ROSADO,FUCSIA,VERDE<br \/>\nTallas Juvenil: 8  &#8211; 16<br \/>\nPa\u00eds de Origen: CHINA<\/p>\n","protected":false},"excerpt":{"rendered":"<p>Descripci\u00f3n: SUETER P\/NI\u00d1A Composici\u00f3n: 100% POLIESTER Color: BLANCO,NEGRO,NARANJA,ROSADO,FUCSIA,VERDE Tallas Juvenil: 8 &#8211; 16 Pa\u00eds de Origen: CHINA<\/p>\n","protected":false},"featured_media":2037,"comment_status":"open","ping_status":"closed","template":"","meta":[],"product_cat":[263,280,291],"product_tag":[],"_links":{"self":[{"href":"https:\/\/emetcorporation.com\/es\/wp-json\/wp\/v2\/product\/1413"}],"collection":[{"href":"https:\/\/emetcorporation.com\/es\/wp-json\/wp\/v2\/product"}],"about":[{"href":"https:\/\/emetcorporation.com\/es\/wp-json\/wp\/v2\/types\/product"}],"replies":[{"embeddable":true,"href":"https:\/\/emetcorporation.com\/es\/wp-json\/wp\/v2\/comments?post=1413"}],"wp:featuredmedia":[{"embeddable":true,"href":"https:\/\/emetcorporation.com\/es\/wp-json\/wp\/v2\/media\/2037"}],"wp:attachment":[{"href":"https:\/\/emetcorporation.com\/es\/wp-json\/wp\/v2\/media?parent=1413"}],"wp:term":[{"taxonomy":"product_cat","embeddable":true,"href":"https:\/\/emetcorporation.com\/es\/wp-json\/wp\/v2\/product_cat?post=1413"},{"taxonomy":"product_tag","embeddable":true,"href":"https:\/\/emetcorporation.com\/es\/wp-json\/wp\/v2\/product_tag?post=1413"}],"curies":[{"name":"wp","href":"https:\/\/api.w.org\/{rel}","templated":true}]}}