{"id":1416,"date":"2021-01-09T21:39:59","date_gmt":"2021-01-09T21:39:59","guid":{"rendered":"https:\/\/screen.com.ve\/clientes\/emet\/es\/producto\/or3-368\/"},"modified":"2021-01-30T22:16:48","modified_gmt":"2021-01-30T22:16:48","slug":"or3-368","status":"publish","type":"product","link":"https:\/\/emetcorporation.com\/es\/producto\/or3-368\/","title":{"rendered":"OR3-368"},"content":{"rendered":"<p>Descripci\u00f3n: VESTIDO P\/NI\u00d1A<br \/>\nComposici\u00f3n: 60%ALGOD,35%POLIE,5%ELAST<br \/>\nColor: ROSADO, BLANCO, CELESTE<br \/>\nTallas Beb\u00e9s: 6 &#8211; 24<br \/>\nPa\u00eds de Origen: CHINA<\/p>\n","protected":false},"excerpt":{"rendered":"<p>Descripci\u00f3n: VESTIDO P\/NI\u00d1A Composici\u00f3n: 60%ALGOD,35%POLIE,5%ELAST Color: ROSADO, BLANCO, CELESTE Tallas Beb\u00e9s: 6 &#8211; 24 Pa\u00eds de Origen: CHINA<\/p>\n","protected":false},"featured_media":2047,"comment_status":"open","ping_status":"closed","template":"","meta":[],"product_cat":[263,280,292],"product_tag":[],"_links":{"self":[{"href":"https:\/\/emetcorporation.com\/es\/wp-json\/wp\/v2\/product\/1416"}],"collection":[{"href":"https:\/\/emetcorporation.com\/es\/wp-json\/wp\/v2\/product"}],"about":[{"href":"https:\/\/emetcorporation.com\/es\/wp-json\/wp\/v2\/types\/product"}],"replies":[{"embeddable":true,"href":"https:\/\/emetcorporation.com\/es\/wp-json\/wp\/v2\/comments?post=1416"}],"wp:featuredmedia":[{"embeddable":true,"href":"https:\/\/emetcorporation.com\/es\/wp-json\/wp\/v2\/media\/2047"}],"wp:attachment":[{"href":"https:\/\/emetcorporation.com\/es\/wp-json\/wp\/v2\/media?parent=1416"}],"wp:term":[{"taxonomy":"product_cat","embeddable":true,"href":"https:\/\/emetcorporation.com\/es\/wp-json\/wp\/v2\/product_cat?post=1416"},{"taxonomy":"product_tag","embeddable":true,"href":"https:\/\/emetcorporation.com\/es\/wp-json\/wp\/v2\/product_tag?post=1416"}],"curies":[{"name":"wp","href":"https:\/\/api.w.org\/{rel}","templated":true}]}}