{"id":1417,"date":"2021-01-09T21:40:01","date_gmt":"2021-01-09T21:40:01","guid":{"rendered":"https:\/\/screen.com.ve\/clientes\/emet\/es\/producto\/3-9367\/"},"modified":"2021-01-30T22:16:48","modified_gmt":"2021-01-30T22:16:48","slug":"3-9367","status":"publish","type":"product","link":"https:\/\/emetcorporation.com\/es\/producto\/3-9367\/","title":{"rendered":"3-9367"},"content":{"rendered":"<p>Descripci\u00f3n: VESTIDO P\/NI\u00d1A<br \/>\nComposici\u00f3n: 97%POLIESTER,3%ELASTANO<br \/>\nColor: BLANCO, AZUL, AZUL MARINO, SALMON ROJO, NEGRO<br \/>\nTallas Juvenil: 6 &#8211; 16<br \/>\nPa\u00eds de Origen: CHINA<\/p>\n","protected":false},"excerpt":{"rendered":"<p>Descripci\u00f3n: VESTIDO P\/NI\u00d1A Composici\u00f3n: 97%POLIESTER,3%ELASTANO Color: BLANCO, AZUL, AZUL MARINO, SALMON ROJO, NEGRO Tallas Juvenil: 6 &#8211; 16 Pa\u00eds de Origen: CHINA<\/p>\n","protected":false},"featured_media":2049,"comment_status":"open","ping_status":"closed","template":"","meta":[],"product_cat":[263,280,292],"product_tag":[],"_links":{"self":[{"href":"https:\/\/emetcorporation.com\/es\/wp-json\/wp\/v2\/product\/1417"}],"collection":[{"href":"https:\/\/emetcorporation.com\/es\/wp-json\/wp\/v2\/product"}],"about":[{"href":"https:\/\/emetcorporation.com\/es\/wp-json\/wp\/v2\/types\/product"}],"replies":[{"embeddable":true,"href":"https:\/\/emetcorporation.com\/es\/wp-json\/wp\/v2\/comments?post=1417"}],"wp:featuredmedia":[{"embeddable":true,"href":"https:\/\/emetcorporation.com\/es\/wp-json\/wp\/v2\/media\/2049"}],"wp:attachment":[{"href":"https:\/\/emetcorporation.com\/es\/wp-json\/wp\/v2\/media?parent=1417"}],"wp:term":[{"taxonomy":"product_cat","embeddable":true,"href":"https:\/\/emetcorporation.com\/es\/wp-json\/wp\/v2\/product_cat?post=1417"},{"taxonomy":"product_tag","embeddable":true,"href":"https:\/\/emetcorporation.com\/es\/wp-json\/wp\/v2\/product_tag?post=1417"}],"curies":[{"name":"wp","href":"https:\/\/api.w.org\/{rel}","templated":true}]}}