{"id":1430,"date":"2021-01-09T21:40:35","date_gmt":"2021-01-09T21:40:35","guid":{"rendered":"https:\/\/screen.com.ve\/clientes\/emet\/es\/producto\/3-4187\/"},"modified":"2021-01-30T22:16:50","modified_gmt":"2021-01-30T22:16:50","slug":"3-4187","status":"publish","type":"product","link":"https:\/\/emetcorporation.com\/es\/producto\/3-4187\/","title":{"rendered":"3-4187"},"content":{"rendered":"<p>Descripci\u00f3n: VESTIDO P\/NI\u00d1A<br \/>\nComposici\u00f3n: 100% POLIESTER<br \/>\nColor: CELESTE, ROSADO, LILA<br \/>\nTallas Infantil: 2 &#8211;  8<br \/>\nTallas Beb\u00e9s: 6 &#8211; 24 MESES<br \/>\nPa\u00eds de Origen: CHINA<\/p>\n","protected":false},"excerpt":{"rendered":"<p>Descripci\u00f3n: VESTIDO P\/NI\u00d1A Composici\u00f3n: 100% POLIESTER Color: CELESTE, ROSADO, LILA Tallas Infantil: 2 &#8211; 8 Tallas Beb\u00e9s: 6 &#8211; 24 MESES Pa\u00eds de Origen: CHINA<\/p>\n","protected":false},"featured_media":2174,"comment_status":"open","ping_status":"closed","template":"","meta":[],"product_cat":[263,280,292],"product_tag":[],"_links":{"self":[{"href":"https:\/\/emetcorporation.com\/es\/wp-json\/wp\/v2\/product\/1430"}],"collection":[{"href":"https:\/\/emetcorporation.com\/es\/wp-json\/wp\/v2\/product"}],"about":[{"href":"https:\/\/emetcorporation.com\/es\/wp-json\/wp\/v2\/types\/product"}],"replies":[{"embeddable":true,"href":"https:\/\/emetcorporation.com\/es\/wp-json\/wp\/v2\/comments?post=1430"}],"wp:featuredmedia":[{"embeddable":true,"href":"https:\/\/emetcorporation.com\/es\/wp-json\/wp\/v2\/media\/2174"}],"wp:attachment":[{"href":"https:\/\/emetcorporation.com\/es\/wp-json\/wp\/v2\/media?parent=1430"}],"wp:term":[{"taxonomy":"product_cat","embeddable":true,"href":"https:\/\/emetcorporation.com\/es\/wp-json\/wp\/v2\/product_cat?post=1430"},{"taxonomy":"product_tag","embeddable":true,"href":"https:\/\/emetcorporation.com\/es\/wp-json\/wp\/v2\/product_tag?post=1430"}],"curies":[{"name":"wp","href":"https:\/\/api.w.org\/{rel}","templated":true}]}}