{"id":1432,"date":"2021-01-09T21:40:40","date_gmt":"2021-01-09T21:40:40","guid":{"rendered":"https:\/\/screen.com.ve\/clientes\/emet\/es\/producto\/29-5685\/"},"modified":"2021-01-30T22:16:51","modified_gmt":"2021-01-30T22:16:51","slug":"29-5685","status":"publish","type":"product","link":"https:\/\/emetcorporation.com\/es\/producto\/29-5685\/","title":{"rendered":"29-5685"},"content":{"rendered":"<p>Descripci\u00f3n: VESTIDO P\/NI\u00d1A<br \/>\nComposici\u00f3n: 65%POLIESTER, 35%ALGOD\u00d3N<br \/>\nColor: AMARILLO, LILA, TURQUEZA, FUCSIA<br \/>\nTallas Beb\u00e9s: 6 &#8211; 24 MESES<br \/>\nPa\u00eds de Origen: CHINA<\/p>\n","protected":false},"excerpt":{"rendered":"<p>Descripci\u00f3n: VESTIDO P\/NI\u00d1A Composici\u00f3n: 65%POLIESTER, 35%ALGOD\u00d3N Color: AMARILLO, LILA, TURQUEZA, FUCSIA Tallas Beb\u00e9s: 6 &#8211; 24 MESES Pa\u00eds de Origen: CHINA<\/p>\n","protected":false},"featured_media":2201,"comment_status":"open","ping_status":"closed","template":"","meta":[],"product_cat":[263,280,292],"product_tag":[],"_links":{"self":[{"href":"https:\/\/emetcorporation.com\/es\/wp-json\/wp\/v2\/product\/1432"}],"collection":[{"href":"https:\/\/emetcorporation.com\/es\/wp-json\/wp\/v2\/product"}],"about":[{"href":"https:\/\/emetcorporation.com\/es\/wp-json\/wp\/v2\/types\/product"}],"replies":[{"embeddable":true,"href":"https:\/\/emetcorporation.com\/es\/wp-json\/wp\/v2\/comments?post=1432"}],"wp:featuredmedia":[{"embeddable":true,"href":"https:\/\/emetcorporation.com\/es\/wp-json\/wp\/v2\/media\/2201"}],"wp:attachment":[{"href":"https:\/\/emetcorporation.com\/es\/wp-json\/wp\/v2\/media?parent=1432"}],"wp:term":[{"taxonomy":"product_cat","embeddable":true,"href":"https:\/\/emetcorporation.com\/es\/wp-json\/wp\/v2\/product_cat?post=1432"},{"taxonomy":"product_tag","embeddable":true,"href":"https:\/\/emetcorporation.com\/es\/wp-json\/wp\/v2\/product_tag?post=1432"}],"curies":[{"name":"wp","href":"https:\/\/api.w.org\/{rel}","templated":true}]}}