{"id":1436,"date":"2021-01-09T21:40:50","date_gmt":"2021-01-09T21:40:50","guid":{"rendered":"https:\/\/screen.com.ve\/clientes\/emet\/es\/producto\/29-8126\/"},"modified":"2021-02-23T16:24:08","modified_gmt":"2021-02-23T16:24:08","slug":"29-8126","status":"publish","type":"product","link":"https:\/\/emetcorporation.com\/es\/producto\/29-8126\/","title":{"rendered":"29-8126"},"content":{"rendered":"<p>Descripci\u00f3n: TOALLAS P\/BABE<br \/>\nComposici\u00f3n: 65%ALGODON,35%POLIESTER<br \/>\nColor: AZUL, AMARILLO, VERDE, CELESTE ROSADO, TURQUESA, LILA, AQUA,<br \/>\nTallas Beb\u00e9s: 30 X 30<br \/>\nPa\u00eds de Origen: CHINA<\/p>\n","protected":false},"excerpt":{"rendered":"<p>Descripci\u00f3n: TOALLAS P\/BABE Composici\u00f3n: 65%ALGODON,35%POLIESTER Color: AZUL, AMARILLO, VERDE, CELESTE ROSADO, TURQUESA, LILA, AQUA, Tallas Beb\u00e9s: 30 X 30 Pa\u00eds de Origen: CHINA<\/p>\n","protected":false},"featured_media":2254,"comment_status":"open","ping_status":"closed","template":"","meta":[],"product_cat":[343,263,293],"product_tag":[],"_links":{"self":[{"href":"https:\/\/emetcorporation.com\/es\/wp-json\/wp\/v2\/product\/1436"}],"collection":[{"href":"https:\/\/emetcorporation.com\/es\/wp-json\/wp\/v2\/product"}],"about":[{"href":"https:\/\/emetcorporation.com\/es\/wp-json\/wp\/v2\/types\/product"}],"replies":[{"embeddable":true,"href":"https:\/\/emetcorporation.com\/es\/wp-json\/wp\/v2\/comments?post=1436"}],"wp:featuredmedia":[{"embeddable":true,"href":"https:\/\/emetcorporation.com\/es\/wp-json\/wp\/v2\/media\/2254"}],"wp:attachment":[{"href":"https:\/\/emetcorporation.com\/es\/wp-json\/wp\/v2\/media?parent=1436"}],"wp:term":[{"taxonomy":"product_cat","embeddable":true,"href":"https:\/\/emetcorporation.com\/es\/wp-json\/wp\/v2\/product_cat?post=1436"},{"taxonomy":"product_tag","embeddable":true,"href":"https:\/\/emetcorporation.com\/es\/wp-json\/wp\/v2\/product_tag?post=1436"}],"curies":[{"name":"wp","href":"https:\/\/api.w.org\/{rel}","templated":true}]}}