{"id":1437,"date":"2021-01-09T21:40:52","date_gmt":"2021-01-09T21:40:52","guid":{"rendered":"https:\/\/screen.com.ve\/clientes\/emet\/es\/producto\/29-7956\/"},"modified":"2021-02-23T16:25:41","modified_gmt":"2021-02-23T16:25:41","slug":"29-7956","status":"publish","type":"product","link":"https:\/\/emetcorporation.com\/es\/producto\/29-7956\/","title":{"rendered":"29-7956"},"content":{"rendered":"<p>Descripci\u00f3n: OVEROL P\/BEBE<br \/>\nComposici\u00f3n: 100%ALGODON<br \/>\nColor: BLANCO, ROSADO, VERDE AZUL MARINO, CELESTE, BLANCO<br \/>\nTallas Beb\u00e9s: 0 &#8211; 12 MESES<br \/>\nPa\u00eds de Origen: CHINA<\/p>\n","protected":false},"excerpt":{"rendered":"<p>Descripci\u00f3n: OVEROL P\/BEBE Composici\u00f3n: 100%ALGODON Color: BLANCO, ROSADO, VERDE AZUL MARINO, CELESTE, BLANCO Tallas Beb\u00e9s: 0 &#8211; 12 MESES Pa\u00eds de Origen: CHINA<\/p>\n","protected":false},"featured_media":2262,"comment_status":"open","ping_status":"closed","template":"","meta":[],"product_cat":[342,263,293],"product_tag":[],"_links":{"self":[{"href":"https:\/\/emetcorporation.com\/es\/wp-json\/wp\/v2\/product\/1437"}],"collection":[{"href":"https:\/\/emetcorporation.com\/es\/wp-json\/wp\/v2\/product"}],"about":[{"href":"https:\/\/emetcorporation.com\/es\/wp-json\/wp\/v2\/types\/product"}],"replies":[{"embeddable":true,"href":"https:\/\/emetcorporation.com\/es\/wp-json\/wp\/v2\/comments?post=1437"}],"wp:featuredmedia":[{"embeddable":true,"href":"https:\/\/emetcorporation.com\/es\/wp-json\/wp\/v2\/media\/2262"}],"wp:attachment":[{"href":"https:\/\/emetcorporation.com\/es\/wp-json\/wp\/v2\/media?parent=1437"}],"wp:term":[{"taxonomy":"product_cat","embeddable":true,"href":"https:\/\/emetcorporation.com\/es\/wp-json\/wp\/v2\/product_cat?post=1437"},{"taxonomy":"product_tag","embeddable":true,"href":"https:\/\/emetcorporation.com\/es\/wp-json\/wp\/v2\/product_tag?post=1437"}],"curies":[{"name":"wp","href":"https:\/\/api.w.org\/{rel}","templated":true}]}}