{"id":1443,"date":"2021-01-09T21:41:06","date_gmt":"2021-01-09T21:41:06","guid":{"rendered":"https:\/\/screen.com.ve\/clientes\/emet\/es\/producto\/3-9608\/"},"modified":"2021-02-23T16:41:04","modified_gmt":"2021-02-23T16:41:04","slug":"3-9608","status":"publish","type":"product","link":"https:\/\/emetcorporation.com\/es\/producto\/3-9608\/","title":{"rendered":"3-9608"},"content":{"rendered":"<p>Descripci\u00f3n: CONJUNTO P\/NI\u00d1A<br \/>\nComposici\u00f3n: 100%ALGODON<br \/>\nColor: BLANCO, VERDE, ROSADO, TURQUESA, FUCSIA<br \/>\nTallas Beb\u00e9s: 1T-4T<br \/>\nPa\u00eds de Origen: CHINA<\/p>\n","protected":false},"excerpt":{"rendered":"<p>Descripci\u00f3n: CONJUNTO P\/NI\u00d1A Composici\u00f3n: 100%ALGODON Color: BLANCO, VERDE, ROSADO, TURQUESA, FUCSIA Tallas Beb\u00e9s: 1T-4T Pa\u00eds de Origen: CHINA<\/p>\n","protected":false},"featured_media":2319,"comment_status":"open","ping_status":"closed","template":"","meta":[],"product_cat":[16,263,280,323,292],"product_tag":[],"_links":{"self":[{"href":"https:\/\/emetcorporation.com\/es\/wp-json\/wp\/v2\/product\/1443"}],"collection":[{"href":"https:\/\/emetcorporation.com\/es\/wp-json\/wp\/v2\/product"}],"about":[{"href":"https:\/\/emetcorporation.com\/es\/wp-json\/wp\/v2\/types\/product"}],"replies":[{"embeddable":true,"href":"https:\/\/emetcorporation.com\/es\/wp-json\/wp\/v2\/comments?post=1443"}],"wp:featuredmedia":[{"embeddable":true,"href":"https:\/\/emetcorporation.com\/es\/wp-json\/wp\/v2\/media\/2319"}],"wp:attachment":[{"href":"https:\/\/emetcorporation.com\/es\/wp-json\/wp\/v2\/media?parent=1443"}],"wp:term":[{"taxonomy":"product_cat","embeddable":true,"href":"https:\/\/emetcorporation.com\/es\/wp-json\/wp\/v2\/product_cat?post=1443"},{"taxonomy":"product_tag","embeddable":true,"href":"https:\/\/emetcorporation.com\/es\/wp-json\/wp\/v2\/product_tag?post=1443"}],"curies":[{"name":"wp","href":"https:\/\/api.w.org\/{rel}","templated":true}]}}