{"id":1449,"date":"2021-01-09T21:41:19","date_gmt":"2021-01-09T21:41:19","guid":{"rendered":"https:\/\/screen.com.ve\/clientes\/emet\/es\/producto\/29-7700\/"},"modified":"2021-02-23T16:52:39","modified_gmt":"2021-02-23T16:52:39","slug":"29-7700","status":"publish","type":"product","link":"https:\/\/emetcorporation.com\/es\/producto\/29-7700\/","title":{"rendered":"29-7700"},"content":{"rendered":"<p>Descripci\u00f3n: OVEROL P\/BEBE<br \/>\nComposici\u00f3n: 100% ALGOD\u00d3N<br \/>\nColor: BLANCO,AZUL,CELESTE,VERDE,LILA, ROSADO, FUCSIA, AQUA<br \/>\nTallas Beb\u00e9s: 0 &#8211; 9M<br \/>\nPa\u00eds de Origen: CHINA<\/p>\n","protected":false},"excerpt":{"rendered":"<p>Descripci\u00f3n: OVEROL P\/BEBE Composici\u00f3n: 100% ALGOD\u00d3N Color: BLANCO,AZUL,CELESTE,VERDE,LILA, ROSADO, FUCSIA, AQUA Tallas Beb\u00e9s: 0 &#8211; 9M Pa\u00eds de Origen: CHINA<\/p>\n","protected":false},"featured_media":2353,"comment_status":"open","ping_status":"closed","template":"","meta":[],"product_cat":[342,16,263,293],"product_tag":[],"_links":{"self":[{"href":"https:\/\/emetcorporation.com\/es\/wp-json\/wp\/v2\/product\/1449"}],"collection":[{"href":"https:\/\/emetcorporation.com\/es\/wp-json\/wp\/v2\/product"}],"about":[{"href":"https:\/\/emetcorporation.com\/es\/wp-json\/wp\/v2\/types\/product"}],"replies":[{"embeddable":true,"href":"https:\/\/emetcorporation.com\/es\/wp-json\/wp\/v2\/comments?post=1449"}],"wp:featuredmedia":[{"embeddable":true,"href":"https:\/\/emetcorporation.com\/es\/wp-json\/wp\/v2\/media\/2353"}],"wp:attachment":[{"href":"https:\/\/emetcorporation.com\/es\/wp-json\/wp\/v2\/media?parent=1449"}],"wp:term":[{"taxonomy":"product_cat","embeddable":true,"href":"https:\/\/emetcorporation.com\/es\/wp-json\/wp\/v2\/product_cat?post=1449"},{"taxonomy":"product_tag","embeddable":true,"href":"https:\/\/emetcorporation.com\/es\/wp-json\/wp\/v2\/product_tag?post=1449"}],"curies":[{"name":"wp","href":"https:\/\/api.w.org\/{rel}","templated":true}]}}