{"id":1451,"date":"2021-01-09T21:41:25","date_gmt":"2021-01-09T21:41:25","guid":{"rendered":"https:\/\/screen.com.ve\/clientes\/emet\/es\/producto\/29-7585\/"},"modified":"2021-03-04T15:25:45","modified_gmt":"2021-03-04T15:25:45","slug":"29-7585","status":"publish","type":"product","link":"https:\/\/emetcorporation.com\/es\/producto\/29-7585\/","title":{"rendered":"29-7585"},"content":{"rendered":"<p>Descripci\u00f3n: CONJUNTO DEPORTIVO<br \/>\nComposici\u00f3n: 100% POLIESTER<br \/>\nColor: AZUL, ROSADO, NARANJA, MORADO<br \/>\nTallas Infantil: 2 &#8211;  8<br \/>\nPa\u00eds de Origen: CHINA<\/p>\n","protected":false},"excerpt":{"rendered":"<p>Descripci\u00f3n: CONJUNTO DEPORTIVO Composici\u00f3n: 100% POLIESTER Color: AZUL, ROSADO, NARANJA, MORADO Tallas Infantil: 2 &#8211; 8 Pa\u00eds de Origen: CHINA<\/p>\n","protected":false},"featured_media":2370,"comment_status":"open","ping_status":"closed","template":"","meta":[],"product_cat":[345,331,16,263,280,323,306],"product_tag":[],"_links":{"self":[{"href":"https:\/\/emetcorporation.com\/es\/wp-json\/wp\/v2\/product\/1451"}],"collection":[{"href":"https:\/\/emetcorporation.com\/es\/wp-json\/wp\/v2\/product"}],"about":[{"href":"https:\/\/emetcorporation.com\/es\/wp-json\/wp\/v2\/types\/product"}],"replies":[{"embeddable":true,"href":"https:\/\/emetcorporation.com\/es\/wp-json\/wp\/v2\/comments?post=1451"}],"wp:featuredmedia":[{"embeddable":true,"href":"https:\/\/emetcorporation.com\/es\/wp-json\/wp\/v2\/media\/2370"}],"wp:attachment":[{"href":"https:\/\/emetcorporation.com\/es\/wp-json\/wp\/v2\/media?parent=1451"}],"wp:term":[{"taxonomy":"product_cat","embeddable":true,"href":"https:\/\/emetcorporation.com\/es\/wp-json\/wp\/v2\/product_cat?post=1451"},{"taxonomy":"product_tag","embeddable":true,"href":"https:\/\/emetcorporation.com\/es\/wp-json\/wp\/v2\/product_tag?post=1451"}],"curies":[{"name":"wp","href":"https:\/\/api.w.org\/{rel}","templated":true}]}}