{"id":1456,"date":"2021-01-09T21:41:38","date_gmt":"2021-01-09T21:41:38","guid":{"rendered":"https:\/\/screen.com.ve\/clientes\/emet\/es\/producto\/29-7677\/"},"modified":"2021-02-23T17:26:22","modified_gmt":"2021-02-23T17:26:22","slug":"29-7677","status":"publish","type":"product","link":"https:\/\/emetcorporation.com\/es\/producto\/29-7677\/","title":{"rendered":"29-7677"},"content":{"rendered":"<p>Descripci\u00f3n: SHORT P\/BEBE<br \/>\nComposici\u00f3n: 100%POLIESTER<br \/>\nColor: AZUL, CELESTE, NARANJA<br \/>\nTallas Beb\u00e9s: 6 &#8211; 24 MESES<br \/>\nPa\u00eds de Origen: CHINA<\/p>\n","protected":false},"excerpt":{"rendered":"<p>Descripci\u00f3n: SHORT P\/BEBE Composici\u00f3n: 100%POLIESTER Color: AZUL, CELESTE, NARANJA Tallas Beb\u00e9s: 6 &#8211; 24 MESES Pa\u00eds de Origen: CHINA<\/p>\n","protected":false},"featured_media":2394,"comment_status":"open","ping_status":"closed","template":"","meta":[],"product_cat":[341,16,263,293],"product_tag":[],"_links":{"self":[{"href":"https:\/\/emetcorporation.com\/es\/wp-json\/wp\/v2\/product\/1456"}],"collection":[{"href":"https:\/\/emetcorporation.com\/es\/wp-json\/wp\/v2\/product"}],"about":[{"href":"https:\/\/emetcorporation.com\/es\/wp-json\/wp\/v2\/types\/product"}],"replies":[{"embeddable":true,"href":"https:\/\/emetcorporation.com\/es\/wp-json\/wp\/v2\/comments?post=1456"}],"wp:featuredmedia":[{"embeddable":true,"href":"https:\/\/emetcorporation.com\/es\/wp-json\/wp\/v2\/media\/2394"}],"wp:attachment":[{"href":"https:\/\/emetcorporation.com\/es\/wp-json\/wp\/v2\/media?parent=1456"}],"wp:term":[{"taxonomy":"product_cat","embeddable":true,"href":"https:\/\/emetcorporation.com\/es\/wp-json\/wp\/v2\/product_cat?post=1456"},{"taxonomy":"product_tag","embeddable":true,"href":"https:\/\/emetcorporation.com\/es\/wp-json\/wp\/v2\/product_tag?post=1456"}],"curies":[{"name":"wp","href":"https:\/\/api.w.org\/{rel}","templated":true}]}}