{"id":1458,"date":"2021-01-09T21:41:43","date_gmt":"2021-01-09T21:41:43","guid":{"rendered":"https:\/\/screen.com.ve\/clientes\/emet\/es\/producto\/50-8559\/"},"modified":"2021-02-23T17:30:14","modified_gmt":"2021-02-23T17:30:14","slug":"50-8559","status":"publish","type":"product","link":"https:\/\/emetcorporation.com\/es\/producto\/50-8559\/","title":{"rendered":"50-8559"},"content":{"rendered":"<p>Descripci\u00f3n: TOALLA P\/BEBE<br \/>\nComposici\u00f3n: 100% ALGOD\u00d3N<br \/>\nColor: AZUL, CELESTE, AMARILLO, VERDE<br \/>\nTallas Beb\u00e9s: 30 X 30<br \/>\nPa\u00eds de Origen: CHINA<\/p>\n","protected":false},"excerpt":{"rendered":"<p>Descripci\u00f3n: TOALLA P\/BEBE Composici\u00f3n: 100% ALGOD\u00d3N Color: AZUL, CELESTE, AMARILLO, VERDE Tallas Beb\u00e9s: 30 X 30 Pa\u00eds de Origen: CHINA<\/p>\n","protected":false},"featured_media":2399,"comment_status":"open","ping_status":"closed","template":"","meta":[],"product_cat":[343,16,263,293],"product_tag":[],"_links":{"self":[{"href":"https:\/\/emetcorporation.com\/es\/wp-json\/wp\/v2\/product\/1458"}],"collection":[{"href":"https:\/\/emetcorporation.com\/es\/wp-json\/wp\/v2\/product"}],"about":[{"href":"https:\/\/emetcorporation.com\/es\/wp-json\/wp\/v2\/types\/product"}],"replies":[{"embeddable":true,"href":"https:\/\/emetcorporation.com\/es\/wp-json\/wp\/v2\/comments?post=1458"}],"wp:featuredmedia":[{"embeddable":true,"href":"https:\/\/emetcorporation.com\/es\/wp-json\/wp\/v2\/media\/2399"}],"wp:attachment":[{"href":"https:\/\/emetcorporation.com\/es\/wp-json\/wp\/v2\/media?parent=1458"}],"wp:term":[{"taxonomy":"product_cat","embeddable":true,"href":"https:\/\/emetcorporation.com\/es\/wp-json\/wp\/v2\/product_cat?post=1458"},{"taxonomy":"product_tag","embeddable":true,"href":"https:\/\/emetcorporation.com\/es\/wp-json\/wp\/v2\/product_tag?post=1458"}],"curies":[{"name":"wp","href":"https:\/\/api.w.org\/{rel}","templated":true}]}}