{"id":1461,"date":"2021-01-09T21:41:50","date_gmt":"2021-01-09T21:41:50","guid":{"rendered":"https:\/\/screen.com.ve\/clientes\/emet\/es\/producto\/29-6976\/"},"modified":"2021-02-23T17:45:26","modified_gmt":"2021-02-23T17:45:26","slug":"29-6976","status":"publish","type":"product","link":"https:\/\/emetcorporation.com\/es\/producto\/29-6976\/","title":{"rendered":"29-6976"},"content":{"rendered":"<p>Descripci\u00f3n: CONJUNTO DEPORTIVO<br \/>\nComposici\u00f3n: 100%POLIESTER<br \/>\nColor: AZUL,ROJO,NARANJA,VERDE<br \/>\nTallas Infantil: 1T &#8211; 4T<br \/>\nPa\u00eds de Origen: CHINA<\/p>\n","protected":false},"excerpt":{"rendered":"<p>Descripci\u00f3n: CONJUNTO DEPORTIVO Composici\u00f3n: 100%POLIESTER Color: AZUL,ROJO,NARANJA,VERDE Tallas Infantil: 1T &#8211; 4T Pa\u00eds de Origen: CHINA<\/p>\n","protected":false},"featured_media":2427,"comment_status":"open","ping_status":"closed","template":"","meta":[],"product_cat":[345,16,263,280,323,306],"product_tag":[],"_links":{"self":[{"href":"https:\/\/emetcorporation.com\/es\/wp-json\/wp\/v2\/product\/1461"}],"collection":[{"href":"https:\/\/emetcorporation.com\/es\/wp-json\/wp\/v2\/product"}],"about":[{"href":"https:\/\/emetcorporation.com\/es\/wp-json\/wp\/v2\/types\/product"}],"replies":[{"embeddable":true,"href":"https:\/\/emetcorporation.com\/es\/wp-json\/wp\/v2\/comments?post=1461"}],"wp:featuredmedia":[{"embeddable":true,"href":"https:\/\/emetcorporation.com\/es\/wp-json\/wp\/v2\/media\/2427"}],"wp:attachment":[{"href":"https:\/\/emetcorporation.com\/es\/wp-json\/wp\/v2\/media?parent=1461"}],"wp:term":[{"taxonomy":"product_cat","embeddable":true,"href":"https:\/\/emetcorporation.com\/es\/wp-json\/wp\/v2\/product_cat?post=1461"},{"taxonomy":"product_tag","embeddable":true,"href":"https:\/\/emetcorporation.com\/es\/wp-json\/wp\/v2\/product_tag?post=1461"}],"curies":[{"name":"wp","href":"https:\/\/api.w.org\/{rel}","templated":true}]}}