{"id":1463,"date":"2021-01-09T21:41:54","date_gmt":"2021-01-09T21:41:54","guid":{"rendered":"https:\/\/screen.com.ve\/clientes\/emet\/es\/producto\/29-7251\/"},"modified":"2021-02-23T18:40:22","modified_gmt":"2021-02-23T18:40:22","slug":"29-7251","status":"publish","type":"product","link":"https:\/\/emetcorporation.com\/es\/producto\/29-7251\/","title":{"rendered":"29-7251"},"content":{"rendered":"<p>Descripci\u00f3n: SHORT P\/BEBE<br \/>\nComposici\u00f3n: 65%POLIESTER,35%ALGODON<br \/>\nColor: AZUL, GRIS, ROJO, CELESTE, CREMA, AZUL MARINO<br \/>\nTallas Beb\u00e9s: 6 &#8211; 24 MESES<br \/>\nPa\u00eds de Origen: CHINA<\/p>\n","protected":false},"excerpt":{"rendered":"<p>Descripci\u00f3n: SHORT P\/BEBE Composici\u00f3n: 65%POLIESTER,35%ALGODON Color: AZUL, GRIS, ROJO, CELESTE, CREMA, AZUL MARINO Tallas Beb\u00e9s: 6 &#8211; 24 MESES Pa\u00eds de Origen: CHINA<\/p>\n","protected":false},"featured_media":2431,"comment_status":"open","ping_status":"closed","template":"","meta":[],"product_cat":[341,16,263,293],"product_tag":[],"_links":{"self":[{"href":"https:\/\/emetcorporation.com\/es\/wp-json\/wp\/v2\/product\/1463"}],"collection":[{"href":"https:\/\/emetcorporation.com\/es\/wp-json\/wp\/v2\/product"}],"about":[{"href":"https:\/\/emetcorporation.com\/es\/wp-json\/wp\/v2\/types\/product"}],"replies":[{"embeddable":true,"href":"https:\/\/emetcorporation.com\/es\/wp-json\/wp\/v2\/comments?post=1463"}],"wp:featuredmedia":[{"embeddable":true,"href":"https:\/\/emetcorporation.com\/es\/wp-json\/wp\/v2\/media\/2431"}],"wp:attachment":[{"href":"https:\/\/emetcorporation.com\/es\/wp-json\/wp\/v2\/media?parent=1463"}],"wp:term":[{"taxonomy":"product_cat","embeddable":true,"href":"https:\/\/emetcorporation.com\/es\/wp-json\/wp\/v2\/product_cat?post=1463"},{"taxonomy":"product_tag","embeddable":true,"href":"https:\/\/emetcorporation.com\/es\/wp-json\/wp\/v2\/product_tag?post=1463"}],"curies":[{"name":"wp","href":"https:\/\/api.w.org\/{rel}","templated":true}]}}