{"id":1475,"date":"2021-01-09T21:42:22","date_gmt":"2021-01-09T21:42:22","guid":{"rendered":"https:\/\/screen.com.ve\/clientes\/emet\/es\/producto\/29-6862\/"},"modified":"2021-03-04T18:34:04","modified_gmt":"2021-03-04T18:34:04","slug":"29-6862","status":"publish","type":"product","link":"https:\/\/emetcorporation.com\/es\/producto\/29-6862\/","title":{"rendered":"29-6862"},"content":{"rendered":"<p>Descripci\u00f3n: SUETER S\/M P\/BEBE<br \/>\nComposici\u00f3n: 100%ALGODON<br \/>\nColor: FUCSIA,ROSADO,BLANCO<br \/>\nTallas Beb\u00e9s: 0 &#8211; 12 MESES<br \/>\nPa\u00eds de Origen: CHINA<\/p>\n","protected":false},"excerpt":{"rendered":"<p>Descripci\u00f3n: SUETER S\/M P\/BEBE Composici\u00f3n: 100%ALGODON Color: FUCSIA,ROSADO,BLANCO Tallas Beb\u00e9s: 0 &#8211; 12 MESES Pa\u00eds de Origen: CHINA<\/p>\n","protected":false},"featured_media":2549,"comment_status":"open","ping_status":"closed","template":"","meta":[],"product_cat":[342,16,263,293],"product_tag":[],"_links":{"self":[{"href":"https:\/\/emetcorporation.com\/es\/wp-json\/wp\/v2\/product\/1475"}],"collection":[{"href":"https:\/\/emetcorporation.com\/es\/wp-json\/wp\/v2\/product"}],"about":[{"href":"https:\/\/emetcorporation.com\/es\/wp-json\/wp\/v2\/types\/product"}],"replies":[{"embeddable":true,"href":"https:\/\/emetcorporation.com\/es\/wp-json\/wp\/v2\/comments?post=1475"}],"wp:featuredmedia":[{"embeddable":true,"href":"https:\/\/emetcorporation.com\/es\/wp-json\/wp\/v2\/media\/2549"}],"wp:attachment":[{"href":"https:\/\/emetcorporation.com\/es\/wp-json\/wp\/v2\/media?parent=1475"}],"wp:term":[{"taxonomy":"product_cat","embeddable":true,"href":"https:\/\/emetcorporation.com\/es\/wp-json\/wp\/v2\/product_cat?post=1475"},{"taxonomy":"product_tag","embeddable":true,"href":"https:\/\/emetcorporation.com\/es\/wp-json\/wp\/v2\/product_tag?post=1475"}],"curies":[{"name":"wp","href":"https:\/\/api.w.org\/{rel}","templated":true}]}}