{"id":1476,"date":"2021-01-09T21:42:26","date_gmt":"2021-01-09T21:42:26","guid":{"rendered":"https:\/\/screen.com.ve\/clientes\/emet\/es\/producto\/29-6894\/"},"modified":"2021-02-23T18:59:25","modified_gmt":"2021-02-23T18:59:25","slug":"29-6894","status":"publish","type":"product","link":"https:\/\/emetcorporation.com\/es\/producto\/29-6894\/","title":{"rendered":"29-6894"},"content":{"rendered":"<p>Descripci\u00f3n: PIJAMA P\/BEBE<br \/>\nComposici\u00f3n: 65%ALGODON,35%POLIESTER<br \/>\nColor: CELESTE, ROJO, AZUL, VERDE LILA, ROSADO, AQUA, AMARILLO<br \/>\nTallas Beb\u00e9s: 6 &#8211; 24 MESES<br \/>\nPa\u00eds de Origen: CHINA<\/p>\n","protected":false},"excerpt":{"rendered":"<p>Descripci\u00f3n: PIJAMA P\/BEBE Composici\u00f3n: 65%ALGODON,35%POLIESTER Color: CELESTE, ROJO, AZUL, VERDE LILA, ROSADO, AQUA, AMARILLO Tallas Beb\u00e9s: 6 &#8211; 24 MESES Pa\u00eds de Origen: CHINA<\/p>\n","protected":false},"featured_media":2553,"comment_status":"open","ping_status":"closed","template":"","meta":[],"product_cat":[342,16,263,293],"product_tag":[],"_links":{"self":[{"href":"https:\/\/emetcorporation.com\/es\/wp-json\/wp\/v2\/product\/1476"}],"collection":[{"href":"https:\/\/emetcorporation.com\/es\/wp-json\/wp\/v2\/product"}],"about":[{"href":"https:\/\/emetcorporation.com\/es\/wp-json\/wp\/v2\/types\/product"}],"replies":[{"embeddable":true,"href":"https:\/\/emetcorporation.com\/es\/wp-json\/wp\/v2\/comments?post=1476"}],"wp:featuredmedia":[{"embeddable":true,"href":"https:\/\/emetcorporation.com\/es\/wp-json\/wp\/v2\/media\/2553"}],"wp:attachment":[{"href":"https:\/\/emetcorporation.com\/es\/wp-json\/wp\/v2\/media?parent=1476"}],"wp:term":[{"taxonomy":"product_cat","embeddable":true,"href":"https:\/\/emetcorporation.com\/es\/wp-json\/wp\/v2\/product_cat?post=1476"},{"taxonomy":"product_tag","embeddable":true,"href":"https:\/\/emetcorporation.com\/es\/wp-json\/wp\/v2\/product_tag?post=1476"}],"curies":[{"name":"wp","href":"https:\/\/api.w.org\/{rel}","templated":true}]}}