{"id":1482,"date":"2021-01-09T21:42:42","date_gmt":"2021-01-09T21:42:42","guid":{"rendered":"https:\/\/screen.com.ve\/clientes\/emet\/es\/producto\/29-6315\/"},"modified":"2021-02-23T19:09:37","modified_gmt":"2021-02-23T19:09:37","slug":"29-6315","status":"publish","type":"product","link":"https:\/\/emetcorporation.com\/es\/producto\/29-6315\/","title":{"rendered":"29-6315"},"content":{"rendered":"<p>Descripci\u00f3n: MEDIAS P\/BEBE<br \/>\nComposici\u00f3n: COTTON POLYESTER<br \/>\nColor: BLANCO, AZUL, ROJO<br \/>\nTallas Beb\u00e9s: 0 &#8211; 6M<br \/>\nPa\u00eds de Origen: CHINA<\/p>\n","protected":false},"excerpt":{"rendered":"<p>Descripci\u00f3n: MEDIAS P\/BEBE Composici\u00f3n: COTTON POLYESTER Color: BLANCO, AZUL, ROJO Tallas Beb\u00e9s: 0 &#8211; 6M Pa\u00eds de Origen: CHINA<\/p>\n","protected":false},"featured_media":2581,"comment_status":"open","ping_status":"closed","template":"","meta":[],"product_cat":[342,16,263,293],"product_tag":[],"_links":{"self":[{"href":"https:\/\/emetcorporation.com\/es\/wp-json\/wp\/v2\/product\/1482"}],"collection":[{"href":"https:\/\/emetcorporation.com\/es\/wp-json\/wp\/v2\/product"}],"about":[{"href":"https:\/\/emetcorporation.com\/es\/wp-json\/wp\/v2\/types\/product"}],"replies":[{"embeddable":true,"href":"https:\/\/emetcorporation.com\/es\/wp-json\/wp\/v2\/comments?post=1482"}],"wp:featuredmedia":[{"embeddable":true,"href":"https:\/\/emetcorporation.com\/es\/wp-json\/wp\/v2\/media\/2581"}],"wp:attachment":[{"href":"https:\/\/emetcorporation.com\/es\/wp-json\/wp\/v2\/media?parent=1482"}],"wp:term":[{"taxonomy":"product_cat","embeddable":true,"href":"https:\/\/emetcorporation.com\/es\/wp-json\/wp\/v2\/product_cat?post=1482"},{"taxonomy":"product_tag","embeddable":true,"href":"https:\/\/emetcorporation.com\/es\/wp-json\/wp\/v2\/product_tag?post=1482"}],"curies":[{"name":"wp","href":"https:\/\/api.w.org\/{rel}","templated":true}]}}