{"id":1485,"date":"2021-01-09T21:42:50","date_gmt":"2021-01-09T21:42:50","guid":{"rendered":"https:\/\/screen.com.ve\/clientes\/emet\/es\/producto\/29-5665\/"},"modified":"2021-02-23T19:14:01","modified_gmt":"2021-02-23T19:14:01","slug":"29-5665","status":"publish","type":"product","link":"https:\/\/emetcorporation.com\/es\/producto\/29-5665\/","title":{"rendered":"29-5665"},"content":{"rendered":"<p>Descripci\u00f3n: CONJUNTO 3 PCS P\/BEBE NI\u00d1O<br \/>\nComposici\u00f3n: 60%ALGODON, 40%POLIESTER<br \/>\nColor: CELESTE,CHOCOLATE,AZUL MARINO<br \/>\nTallas Beb\u00e9s: 6 &#8211; 24M<br \/>\nPa\u00eds de Origen: CHINA<\/p>\n","protected":false},"excerpt":{"rendered":"<p>Descripci\u00f3n: CONJUNTO 3 PCS P\/BEBE NI\u00d1O Composici\u00f3n: 60%ALGODON, 40%POLIESTER Color: CELESTE,CHOCOLATE,AZUL MARINO Tallas Beb\u00e9s: 6 &#8211; 24M Pa\u00eds de Origen: CHINA<\/p>\n","protected":false},"featured_media":2607,"comment_status":"open","ping_status":"closed","template":"","meta":[],"product_cat":[342,16,263,293],"product_tag":[],"_links":{"self":[{"href":"https:\/\/emetcorporation.com\/es\/wp-json\/wp\/v2\/product\/1485"}],"collection":[{"href":"https:\/\/emetcorporation.com\/es\/wp-json\/wp\/v2\/product"}],"about":[{"href":"https:\/\/emetcorporation.com\/es\/wp-json\/wp\/v2\/types\/product"}],"replies":[{"embeddable":true,"href":"https:\/\/emetcorporation.com\/es\/wp-json\/wp\/v2\/comments?post=1485"}],"wp:featuredmedia":[{"embeddable":true,"href":"https:\/\/emetcorporation.com\/es\/wp-json\/wp\/v2\/media\/2607"}],"wp:attachment":[{"href":"https:\/\/emetcorporation.com\/es\/wp-json\/wp\/v2\/media?parent=1485"}],"wp:term":[{"taxonomy":"product_cat","embeddable":true,"href":"https:\/\/emetcorporation.com\/es\/wp-json\/wp\/v2\/product_cat?post=1485"},{"taxonomy":"product_tag","embeddable":true,"href":"https:\/\/emetcorporation.com\/es\/wp-json\/wp\/v2\/product_tag?post=1485"}],"curies":[{"name":"wp","href":"https:\/\/api.w.org\/{rel}","templated":true}]}}