{"id":1490,"date":"2021-01-09T21:43:02","date_gmt":"2021-01-09T21:43:02","guid":{"rendered":"https:\/\/screen.com.ve\/clientes\/emet\/es\/producto\/29-5308\/"},"modified":"2021-02-23T19:20:52","modified_gmt":"2021-02-23T19:20:52","slug":"29-5308","status":"publish","type":"product","link":"https:\/\/emetcorporation.com\/es\/producto\/29-5308\/","title":{"rendered":"29-5308"},"content":{"rendered":"<p>Descripci\u00f3n: PANTALON\/BEBE<br \/>\nComposici\u00f3n: 100% ALGOD\u00d3N<br \/>\nColor: TURQUEZA, BLANCO CELESTE, BLANCO LILA, BLANCO<br \/>\nTallas Beb\u00e9s: 0 &#8211; 12 MESES<\/p>\n","protected":false},"excerpt":{"rendered":"<p>Descripci\u00f3n: PANTALON\/BEBE Composici\u00f3n: 100% ALGOD\u00d3N Color: TURQUEZA, BLANCO CELESTE, BLANCO LILA, BLANCO Tallas Beb\u00e9s: 0 &#8211; 12 MESES<\/p>\n","protected":false},"featured_media":2670,"comment_status":"open","ping_status":"closed","template":"","meta":[],"product_cat":[342,16,263,280,293],"product_tag":[],"_links":{"self":[{"href":"https:\/\/emetcorporation.com\/es\/wp-json\/wp\/v2\/product\/1490"}],"collection":[{"href":"https:\/\/emetcorporation.com\/es\/wp-json\/wp\/v2\/product"}],"about":[{"href":"https:\/\/emetcorporation.com\/es\/wp-json\/wp\/v2\/types\/product"}],"replies":[{"embeddable":true,"href":"https:\/\/emetcorporation.com\/es\/wp-json\/wp\/v2\/comments?post=1490"}],"wp:featuredmedia":[{"embeddable":true,"href":"https:\/\/emetcorporation.com\/es\/wp-json\/wp\/v2\/media\/2670"}],"wp:attachment":[{"href":"https:\/\/emetcorporation.com\/es\/wp-json\/wp\/v2\/media?parent=1490"}],"wp:term":[{"taxonomy":"product_cat","embeddable":true,"href":"https:\/\/emetcorporation.com\/es\/wp-json\/wp\/v2\/product_cat?post=1490"},{"taxonomy":"product_tag","embeddable":true,"href":"https:\/\/emetcorporation.com\/es\/wp-json\/wp\/v2\/product_tag?post=1490"}],"curies":[{"name":"wp","href":"https:\/\/api.w.org\/{rel}","templated":true}]}}