{"id":1493,"date":"2021-01-09T21:43:09","date_gmt":"2021-01-09T21:43:09","guid":{"rendered":"https:\/\/screen.com.ve\/clientes\/emet\/es\/producto\/29-5336\/"},"modified":"2021-02-23T19:25:17","modified_gmt":"2021-02-23T19:25:17","slug":"29-5336","status":"publish","type":"product","link":"https:\/\/emetcorporation.com\/es\/producto\/29-5336\/","title":{"rendered":"29-5336"},"content":{"rendered":"<p>Descripci\u00f3n: PANTY P\/BEBE 0-12 (3 PCS PACK)<br \/>\nComposici\u00f3n: 100% ALGOD\u00d3N<br \/>\nColor: LILA, BLANCO<br \/>\nTallas Beb\u00e9s: 0 &#8211; 12 MESES<br \/>\nPa\u00eds de Origen: CHINA<\/p>\n","protected":false},"excerpt":{"rendered":"<p>Descripci\u00f3n: PANTY P\/BEBE 0-12 (3 PCS PACK) Composici\u00f3n: 100% ALGOD\u00d3N Color: LILA, BLANCO Tallas Beb\u00e9s: 0 &#8211; 12 MESES Pa\u00eds de Origen: CHINA<\/p>\n","protected":false},"featured_media":2707,"comment_status":"open","ping_status":"closed","template":"","meta":[],"product_cat":[342,16,263,293],"product_tag":[],"_links":{"self":[{"href":"https:\/\/emetcorporation.com\/es\/wp-json\/wp\/v2\/product\/1493"}],"collection":[{"href":"https:\/\/emetcorporation.com\/es\/wp-json\/wp\/v2\/product"}],"about":[{"href":"https:\/\/emetcorporation.com\/es\/wp-json\/wp\/v2\/types\/product"}],"replies":[{"embeddable":true,"href":"https:\/\/emetcorporation.com\/es\/wp-json\/wp\/v2\/comments?post=1493"}],"wp:featuredmedia":[{"embeddable":true,"href":"https:\/\/emetcorporation.com\/es\/wp-json\/wp\/v2\/media\/2707"}],"wp:attachment":[{"href":"https:\/\/emetcorporation.com\/es\/wp-json\/wp\/v2\/media?parent=1493"}],"wp:term":[{"taxonomy":"product_cat","embeddable":true,"href":"https:\/\/emetcorporation.com\/es\/wp-json\/wp\/v2\/product_cat?post=1493"},{"taxonomy":"product_tag","embeddable":true,"href":"https:\/\/emetcorporation.com\/es\/wp-json\/wp\/v2\/product_tag?post=1493"}],"curies":[{"name":"wp","href":"https:\/\/api.w.org\/{rel}","templated":true}]}}