{"id":1496,"date":"2021-01-09T21:43:16","date_gmt":"2021-01-09T21:43:16","guid":{"rendered":"https:\/\/screen.com.ve\/clientes\/emet\/es\/producto\/29-3525\/"},"modified":"2021-02-23T19:29:27","modified_gmt":"2021-02-23T19:29:27","slug":"29-3525","status":"publish","type":"product","link":"https:\/\/emetcorporation.com\/es\/producto\/29-3525\/","title":{"rendered":"29-3525"},"content":{"rendered":"<p>Descripci\u00f3n: TOALLA P\/BEBE<br \/>\nComposici\u00f3n: 20%POLY,80%COTT<br \/>\nColor: BLANCO,NARANJA,ROSA,CELESTE,AMARILLO,VERDE<br \/>\nTallas Beb\u00e9s: UNICA<br \/>\nPa\u00eds de Origen: CHINA<\/p>\n","protected":false},"excerpt":{"rendered":"<p>Descripci\u00f3n: TOALLA P\/BEBE Composici\u00f3n: 20%POLY,80%COTT Color: BLANCO,NARANJA,ROSA,CELESTE,AMARILLO,VERDE Tallas Beb\u00e9s: UNICA Pa\u00eds de Origen: CHINA<\/p>\n","protected":false},"featured_media":4602,"comment_status":"open","ping_status":"closed","template":"","meta":[],"product_cat":[343,16,263,293],"product_tag":[],"_links":{"self":[{"href":"https:\/\/emetcorporation.com\/es\/wp-json\/wp\/v2\/product\/1496"}],"collection":[{"href":"https:\/\/emetcorporation.com\/es\/wp-json\/wp\/v2\/product"}],"about":[{"href":"https:\/\/emetcorporation.com\/es\/wp-json\/wp\/v2\/types\/product"}],"replies":[{"embeddable":true,"href":"https:\/\/emetcorporation.com\/es\/wp-json\/wp\/v2\/comments?post=1496"}],"wp:featuredmedia":[{"embeddable":true,"href":"https:\/\/emetcorporation.com\/es\/wp-json\/wp\/v2\/media\/4602"}],"wp:attachment":[{"href":"https:\/\/emetcorporation.com\/es\/wp-json\/wp\/v2\/media?parent=1496"}],"wp:term":[{"taxonomy":"product_cat","embeddable":true,"href":"https:\/\/emetcorporation.com\/es\/wp-json\/wp\/v2\/product_cat?post=1496"},{"taxonomy":"product_tag","embeddable":true,"href":"https:\/\/emetcorporation.com\/es\/wp-json\/wp\/v2\/product_tag?post=1496"}],"curies":[{"name":"wp","href":"https:\/\/api.w.org\/{rel}","templated":true}]}}