{"id":1500,"date":"2021-01-09T21:43:25","date_gmt":"2021-01-09T21:43:25","guid":{"rendered":"https:\/\/screen.com.ve\/clientes\/emet\/es\/producto\/29-4119\/"},"modified":"2021-02-23T19:35:52","modified_gmt":"2021-02-23T19:35:52","slug":"29-4119","status":"publish","type":"product","link":"https:\/\/emetcorporation.com\/es\/producto\/29-4119\/","title":{"rendered":"29-4119"},"content":{"rendered":"<p>Descripci\u00f3n: MEDIAS\/BEBE<br \/>\nComposici\u00f3n: 100%ALGODON<br \/>\nColor: AMARILLO, CELESTE, ROSA, VERDE, NARANJA, CHOCOLATE<br \/>\nTallas Beb\u00e9s: 0 &#8211; 6 MESES<br \/>\nPa\u00eds de Origen: CHINA<\/p>\n","protected":false},"excerpt":{"rendered":"<p>Descripci\u00f3n: MEDIAS\/BEBE Composici\u00f3n: 100%ALGODON Color: AMARILLO, CELESTE, ROSA, VERDE, NARANJA, CHOCOLATE Tallas Beb\u00e9s: 0 &#8211; 6 MESES Pa\u00eds de Origen: CHINA<\/p>\n","protected":false},"featured_media":2732,"comment_status":"open","ping_status":"closed","template":"","meta":[],"product_cat":[342,16,263,293],"product_tag":[],"_links":{"self":[{"href":"https:\/\/emetcorporation.com\/es\/wp-json\/wp\/v2\/product\/1500"}],"collection":[{"href":"https:\/\/emetcorporation.com\/es\/wp-json\/wp\/v2\/product"}],"about":[{"href":"https:\/\/emetcorporation.com\/es\/wp-json\/wp\/v2\/types\/product"}],"replies":[{"embeddable":true,"href":"https:\/\/emetcorporation.com\/es\/wp-json\/wp\/v2\/comments?post=1500"}],"wp:featuredmedia":[{"embeddable":true,"href":"https:\/\/emetcorporation.com\/es\/wp-json\/wp\/v2\/media\/2732"}],"wp:attachment":[{"href":"https:\/\/emetcorporation.com\/es\/wp-json\/wp\/v2\/media?parent=1500"}],"wp:term":[{"taxonomy":"product_cat","embeddable":true,"href":"https:\/\/emetcorporation.com\/es\/wp-json\/wp\/v2\/product_cat?post=1500"},{"taxonomy":"product_tag","embeddable":true,"href":"https:\/\/emetcorporation.com\/es\/wp-json\/wp\/v2\/product_tag?post=1500"}],"curies":[{"name":"wp","href":"https:\/\/api.w.org\/{rel}","templated":true}]}}