{"id":1502,"date":"2021-01-09T21:43:33","date_gmt":"2021-01-09T21:43:33","guid":{"rendered":"https:\/\/screen.com.ve\/clientes\/emet\/es\/producto\/29-4130\/"},"modified":"2021-02-23T19:38:55","modified_gmt":"2021-02-23T19:38:55","slug":"29-4130","status":"publish","type":"product","link":"https:\/\/emetcorporation.com\/es\/producto\/29-4130\/","title":{"rendered":"29-4130"},"content":{"rendered":"<p>Descripci\u00f3n: ZAPATITOS \/BEBE<br \/>\nComposici\u00f3n: 100%POLIESTER<br \/>\nColor: AMARILLO, AZUL MARINO, ROJO,CELESTE, ROSADO, TURQUEZA<br \/>\nTallas Beb\u00e9s: 3-12 MESES<br \/>\nPa\u00eds de Origen: CHINA<\/p>\n","protected":false},"excerpt":{"rendered":"<p>Descripci\u00f3n: ZAPATITOS \/BEBE Composici\u00f3n: 100%POLIESTER Color: AMARILLO, AZUL MARINO, ROJO,CELESTE, ROSADO, TURQUEZA Tallas Beb\u00e9s: 3-12 MESES Pa\u00eds de Origen: CHINA<\/p>\n","protected":false},"featured_media":2743,"comment_status":"open","ping_status":"closed","template":"","meta":[],"product_cat":[343,16,263,293],"product_tag":[],"_links":{"self":[{"href":"https:\/\/emetcorporation.com\/es\/wp-json\/wp\/v2\/product\/1502"}],"collection":[{"href":"https:\/\/emetcorporation.com\/es\/wp-json\/wp\/v2\/product"}],"about":[{"href":"https:\/\/emetcorporation.com\/es\/wp-json\/wp\/v2\/types\/product"}],"replies":[{"embeddable":true,"href":"https:\/\/emetcorporation.com\/es\/wp-json\/wp\/v2\/comments?post=1502"}],"wp:featuredmedia":[{"embeddable":true,"href":"https:\/\/emetcorporation.com\/es\/wp-json\/wp\/v2\/media\/2743"}],"wp:attachment":[{"href":"https:\/\/emetcorporation.com\/es\/wp-json\/wp\/v2\/media?parent=1502"}],"wp:term":[{"taxonomy":"product_cat","embeddable":true,"href":"https:\/\/emetcorporation.com\/es\/wp-json\/wp\/v2\/product_cat?post=1502"},{"taxonomy":"product_tag","embeddable":true,"href":"https:\/\/emetcorporation.com\/es\/wp-json\/wp\/v2\/product_tag?post=1502"}],"curies":[{"name":"wp","href":"https:\/\/api.w.org\/{rel}","templated":true}]}}