{"id":1504,"date":"2021-01-09T21:43:40","date_gmt":"2021-01-09T21:43:40","guid":{"rendered":"https:\/\/screen.com.ve\/clientes\/emet\/es\/producto\/29-4612\/"},"modified":"2021-01-30T22:17:08","modified_gmt":"2021-01-30T22:17:08","slug":"29-4612","status":"publish","type":"product","link":"https:\/\/emetcorporation.com\/es\/producto\/29-4612\/","title":{"rendered":"29-4612"},"content":{"rendered":"<p>Descripci\u00f3n: CONJUNTO\/BEBE<br \/>\nComposici\u00f3n: 65%POLIESTER,35%ALGODON<br \/>\nColor: TURQUEZA, AMARILLO, NARANJA, VERDE,TURQUEZA, VERDE, ROJO , NARANJA<br \/>\nTallas Beb\u00e9s: 6 &#8211; 24 MESES<br \/>\nPa\u00eds de Origen: CHINA<\/p>\n","protected":false},"excerpt":{"rendered":"<p>Descripci\u00f3n: CONJUNTO\/BEBE Composici\u00f3n: 65%POLIESTER,35%ALGODON Color: TURQUEZA, AMARILLO, NARANJA, VERDE,TURQUEZA, VERDE, ROJO , NARANJA Tallas Beb\u00e9s: 6 &#8211; 24 MESES Pa\u00eds de Origen: CHINA<\/p>\n","protected":false},"featured_media":2776,"comment_status":"open","ping_status":"closed","template":"","meta":[],"product_cat":[263,280,293],"product_tag":[],"_links":{"self":[{"href":"https:\/\/emetcorporation.com\/es\/wp-json\/wp\/v2\/product\/1504"}],"collection":[{"href":"https:\/\/emetcorporation.com\/es\/wp-json\/wp\/v2\/product"}],"about":[{"href":"https:\/\/emetcorporation.com\/es\/wp-json\/wp\/v2\/types\/product"}],"replies":[{"embeddable":true,"href":"https:\/\/emetcorporation.com\/es\/wp-json\/wp\/v2\/comments?post=1504"}],"wp:featuredmedia":[{"embeddable":true,"href":"https:\/\/emetcorporation.com\/es\/wp-json\/wp\/v2\/media\/2776"}],"wp:attachment":[{"href":"https:\/\/emetcorporation.com\/es\/wp-json\/wp\/v2\/media?parent=1504"}],"wp:term":[{"taxonomy":"product_cat","embeddable":true,"href":"https:\/\/emetcorporation.com\/es\/wp-json\/wp\/v2\/product_cat?post=1504"},{"taxonomy":"product_tag","embeddable":true,"href":"https:\/\/emetcorporation.com\/es\/wp-json\/wp\/v2\/product_tag?post=1504"}],"curies":[{"name":"wp","href":"https:\/\/api.w.org\/{rel}","templated":true}]}}