{"id":1506,"date":"2021-01-09T21:43:44","date_gmt":"2021-01-09T21:43:44","guid":{"rendered":"https:\/\/screen.com.ve\/clientes\/emet\/es\/producto\/29-5143\/"},"modified":"2021-02-23T19:47:37","modified_gmt":"2021-02-23T19:47:37","slug":"29-5143","status":"publish","type":"product","link":"https:\/\/emetcorporation.com\/es\/producto\/29-5143\/","title":{"rendered":"29-5143"},"content":{"rendered":"<p>Descripci\u00f3n: BEBE CRECE<br \/>\nComposici\u00f3n: 60%ALGODON,40%POLIESTER<br \/>\nColor: AZUL, CELESTE, CHOCOLATE, VERDE,LILA, ROSADO, FUCSIA, AQUA<br \/>\nTallas Beb\u00e9s: 0 &#8211; 12 MESES<br \/>\nPa\u00eds de Origen: CHINA<\/p>\n","protected":false},"excerpt":{"rendered":"<p>Descripci\u00f3n: BEBE CRECE Composici\u00f3n: 60%ALGODON,40%POLIESTER Color: AZUL, CELESTE, CHOCOLATE, VERDE,LILA, ROSADO, FUCSIA, AQUA Tallas Beb\u00e9s: 0 &#8211; 12 MESES Pa\u00eds de Origen: CHINA<\/p>\n","protected":false},"featured_media":2796,"comment_status":"open","ping_status":"closed","template":"","meta":[],"product_cat":[342,16,263,293],"product_tag":[],"_links":{"self":[{"href":"https:\/\/emetcorporation.com\/es\/wp-json\/wp\/v2\/product\/1506"}],"collection":[{"href":"https:\/\/emetcorporation.com\/es\/wp-json\/wp\/v2\/product"}],"about":[{"href":"https:\/\/emetcorporation.com\/es\/wp-json\/wp\/v2\/types\/product"}],"replies":[{"embeddable":true,"href":"https:\/\/emetcorporation.com\/es\/wp-json\/wp\/v2\/comments?post=1506"}],"wp:featuredmedia":[{"embeddable":true,"href":"https:\/\/emetcorporation.com\/es\/wp-json\/wp\/v2\/media\/2796"}],"wp:attachment":[{"href":"https:\/\/emetcorporation.com\/es\/wp-json\/wp\/v2\/media?parent=1506"}],"wp:term":[{"taxonomy":"product_cat","embeddable":true,"href":"https:\/\/emetcorporation.com\/es\/wp-json\/wp\/v2\/product_cat?post=1506"},{"taxonomy":"product_tag","embeddable":true,"href":"https:\/\/emetcorporation.com\/es\/wp-json\/wp\/v2\/product_tag?post=1506"}],"curies":[{"name":"wp","href":"https:\/\/api.w.org\/{rel}","templated":true}]}}